{"id":2681,"date":"2026-03-17T18:22:39","date_gmt":"2026-03-17T17:22:39","guid":{"rendered":"https:\/\/www.charlotte-cseke.fr\/?page_id=2681"},"modified":"2026-03-17T18:27:21","modified_gmt":"2026-03-17T17:27:21","slug":"motiondesign","status":"publish","type":"page","link":"https:\/\/www.charlotte-cseke.fr\/index.php\/motiondesign\/","title":{"rendered":"Motion Design"},"content":{"rendered":"\t\t<div data-elementor-type=\"wp-page\" data-elementor-id=\"2681\" class=\"elementor elementor-2681\">\n\t\t\t\t<div class=\"elementor-element elementor-element-a69cba1 e-flex e-con-boxed wpr-particle-no wpr-jarallax-no wpr-parallax-no wpr-sticky-section-no e-con e-parent\" data-id=\"a69cba1\" data-element_type=\"container\" data-e-type=\"container\">\n\t\t\t\t\t<div class=\"e-con-inner\">\n\t\t\t\t<div class=\"elementor-element elementor-element-9294ed2 elementor-widget elementor-widget-heading\" data-id=\"9294ed2\" data-element_type=\"widget\" data-e-type=\"widget\" data-widget_type=\"heading.default\">\n\t\t\t\t<div class=\"elementor-widget-container\">\n\t\t\t\t\t<h2 class=\"elementor-heading-title elementor-size-default\">Motion design<\/h2>\t\t\t\t<\/div>\n\t\t\t\t<\/div>\n\t\t\t\t\t<\/div>\n\t\t\t\t<\/div>\n\t\t<div class=\"elementor-element elementor-element-2db6e68 e-flex e-con-boxed wpr-particle-no wpr-jarallax-no wpr-parallax-no wpr-sticky-section-no e-con e-parent\" data-id=\"2db6e68\" data-element_type=\"container\" data-e-type=\"container\">\n\t\t\t\t\t<div class=\"e-con-inner\">\n\t\t\t\t<div class=\"elementor-element elementor-element-ced659c elementor-widget elementor-widget-spacer\" data-id=\"ced659c\" data-element_type=\"widget\" data-e-type=\"widget\" data-widget_type=\"spacer.default\">\n\t\t\t\t<div class=\"elementor-widget-container\">\n\t\t\t\t\t\t\t<div class=\"elementor-spacer\">\n\t\t\t<div class=\"elementor-spacer-inner\"><\/div>\n\t\t<\/div>\n\t\t\t\t\t\t<\/div>\n\t\t\t\t<\/div>\n\t\t\t\t<div class=\"elementor-element elementor-element-3b6193c elementor-widget elementor-widget-heading\" data-id=\"3b6193c\" data-element_type=\"widget\" data-e-type=\"widget\" data-widget_type=\"heading.default\">\n\t\t\t\t<div class=\"elementor-widget-container\">\n\t\t\t\t\t<h5 class=\"elementor-heading-title elementor-size-default\">Motion design : cr\u00e9ation visuelle \u00e0 partir d\u2019un audio<\/h5>\t\t\t\t<\/div>\n\t\t\t\t<\/div>\n\t\t\t\t\t<\/div>\n\t\t\t\t<\/div>\n\t\t<div class=\"elementor-element elementor-element-988fdff e-flex e-con-boxed wpr-particle-no wpr-jarallax-no wpr-parallax-no wpr-sticky-section-no e-con e-parent\" data-id=\"988fdff\" data-element_type=\"container\" data-e-type=\"container\">\n\t\t\t\t\t<div class=\"e-con-inner\">\n\t\t<div class=\"elementor-element elementor-element-69bf58b e-con-full e-flex wpr-particle-no wpr-jarallax-no wpr-parallax-no wpr-sticky-section-no e-con e-child\" data-id=\"69bf58b\" data-element_type=\"container\" data-e-type=\"container\">\n\t\t\t\t<div class=\"elementor-element elementor-element-7d09a08 elementor-widget elementor-widget-video\" data-id=\"7d09a08\" data-element_type=\"widget\" data-e-type=\"widget\" data-settings=\"{&quot;youtube_url&quot;:&quot;https:\\\/\\\/youtu.be\\\/8kpykC5RZc4&quot;,&quot;video_type&quot;:&quot;youtube&quot;,&quot;controls&quot;:&quot;yes&quot;}\" data-widget_type=\"video.default\">\n\t\t\t\t<div class=\"elementor-widget-container\">\n\t\t\t\t\t\t\t<div class=\"elementor-wrapper elementor-open-inline\">\n\t\t\t<div class=\"elementor-video\"><\/div>\t\t<\/div>\n\t\t\t\t\t\t<\/div>\n\t\t\t\t<\/div>\n\t\t\t\t<\/div>\n\t\t<div class=\"elementor-element elementor-element-c1dae52 e-con-full e-flex wpr-particle-no wpr-jarallax-no wpr-parallax-no wpr-sticky-section-no e-con e-child\" data-id=\"c1dae52\" data-element_type=\"container\" data-e-type=\"container\">\n\t\t\t\t<div class=\"elementor-element elementor-element-b828c75 elementor-widget elementor-widget-text-editor\" data-id=\"b828c75\" data-element_type=\"widget\" data-e-type=\"widget\" data-widget_type=\"text-editor.default\">\n\t\t\t\t<div class=\"elementor-widget-container\">\n\t\t\t\t\t\t\t\t\t<p data-start=\"107\" data-end=\"319\">Dans le cadre d\u2019un <strong data-start=\"126\" data-end=\"152\">cours de motion design<\/strong>, j\u2019ai r\u00e9alis\u00e9 une vid\u00e9o \u00e0 partir d\u2019un <strong data-start=\"191\" data-end=\"242\">enregistrement audio d\u2019une publicit\u00e9 McDonald\u2019s<\/strong>. L\u2019objectif \u00e9tait de cr\u00e9er enti\u00e8rement les <strong data-start=\"286\" data-end=\"297\">visuels<\/strong> en lien avec la voix.<\/p><p data-start=\"321\" data-end=\"468\">\u00c0 partir du son, j\u2019ai imagin\u00e9 et construit tous les <strong data-start=\"373\" data-end=\"382\">plans<\/strong>, les <strong data-start=\"388\" data-end=\"411\">\u00e9l\u00e9ments graphiques<\/strong> et les <strong data-start=\"419\" data-end=\"433\">animations<\/strong> afin de donner du sens au message.<\/p><p data-start=\"470\" data-end=\"612\">J\u2019ai travaill\u00e9 la <strong data-start=\"488\" data-end=\"520\">synchronisation avec l\u2019audio<\/strong>, le <strong data-start=\"525\" data-end=\"535\">rythme<\/strong> et la <strong data-start=\"542\" data-end=\"563\">mise en mouvement<\/strong> pour rendre la vid\u00e9o <strong data-start=\"585\" data-end=\"611\">dynamique et coh\u00e9rente<\/strong>.<\/p><p data-start=\"614\" data-end=\"770\">Ce projet m\u2019a permis de d\u00e9velopper mes comp\u00e9tences en <strong data-start=\"668\" data-end=\"685\">motion design<\/strong>, en <strong data-start=\"690\" data-end=\"739\">cr\u00e9ation visuelle \u00e0 partir d\u2019un support audio<\/strong> et en <strong data-start=\"746\" data-end=\"769\">animation graphique<\/strong>.<\/p>\t\t\t\t\t\t\t\t<\/div>\n\t\t\t\t<\/div>\n\t\t\t\t<\/div>\n\t\t\t\t\t<\/div>\n\t\t\t\t<\/div>\n\t\t<div class=\"elementor-element elementor-element-d66e90f e-flex e-con-boxed wpr-particle-no wpr-jarallax-no wpr-parallax-no wpr-sticky-section-no e-con e-parent\" data-id=\"d66e90f\" data-element_type=\"container\" data-e-type=\"container\">\n\t\t\t\t\t<div class=\"e-con-inner\">\n\t\t\t\t<div class=\"elementor-element elementor-element-82ef685 elementor-widget elementor-widget-spacer\" data-id=\"82ef685\" data-element_type=\"widget\" data-e-type=\"widget\" data-widget_type=\"spacer.default\">\n\t\t\t\t<div class=\"elementor-widget-container\">\n\t\t\t\t\t\t\t<div class=\"elementor-spacer\">\n\t\t\t<div class=\"elementor-spacer-inner\"><\/div>\n\t\t<\/div>\n\t\t\t\t\t\t<\/div>\n\t\t\t\t<\/div>\n\t\t\t\t<div class=\"elementor-element elementor-element-c923262 elementor-widget elementor-widget-heading\" data-id=\"c923262\" data-element_type=\"widget\" data-e-type=\"widget\" data-widget_type=\"heading.default\">\n\t\t\t\t<div class=\"elementor-widget-container\">\n\t\t\t\t\t<h5 class=\"elementor-heading-title elementor-size-default\">Motion design : cr\u00e9ation visuelle \u00e0 partir d\u2019un audio<\/h5>\t\t\t\t<\/div>\n\t\t\t\t<\/div>\n\t\t\t\t\t<\/div>\n\t\t\t\t<\/div>\n\t\t<div class=\"elementor-element elementor-element-0005120 e-flex e-con-boxed wpr-particle-no wpr-jarallax-no wpr-parallax-no wpr-sticky-section-no e-con e-parent\" data-id=\"0005120\" data-element_type=\"container\" data-e-type=\"container\">\n\t\t\t\t\t<div class=\"e-con-inner\">\n\t\t<div class=\"elementor-element elementor-element-f746ae9 e-con-full e-flex wpr-particle-no wpr-jarallax-no wpr-parallax-no wpr-sticky-section-no e-con e-child\" data-id=\"f746ae9\" data-element_type=\"container\" data-e-type=\"container\">\n\t\t\t\t<div class=\"elementor-element elementor-element-49393d0 elementor-widget elementor-widget-text-editor\" data-id=\"49393d0\" data-element_type=\"widget\" data-e-type=\"widget\" data-widget_type=\"text-editor.default\">\n\t\t\t\t<div class=\"elementor-widget-container\">\n\t\t\t\t\t\t\t\t\t<p data-start=\"161\" data-end=\"292\">Dans le cadre d\u2019un <strong data-start=\"180\" data-end=\"214\">premier cours de motion design<\/strong>, j\u2019ai r\u00e9alis\u00e9 une vid\u00e9o sans son pour apprendre les bases de l\u2019<strong data-start=\"278\" data-end=\"291\">animation<\/strong>.<\/p><p data-start=\"294\" data-end=\"484\">L\u2019objectif \u00e9tait de comprendre comment animer des \u00e9l\u00e9ments en travaillant la <strong data-start=\"371\" data-end=\"383\">position<\/strong>, l\u2019<strong data-start=\"387\" data-end=\"398\">\u00e9chelle<\/strong> et les <strong data-start=\"406\" data-end=\"420\">mouvements<\/strong>. J\u2019ai notamment anim\u00e9 <strong data-start=\"443\" data-end=\"472\">chaque partie d\u2019un burger<\/strong> s\u00e9par\u00e9ment.<\/p><p data-start=\"486\" data-end=\"586\">J\u2019ai aussi appris \u00e0 organiser <strong data-start=\"516\" data-end=\"535\">plusieurs plans<\/strong> et \u00e0 cr\u00e9er une animation <strong data-start=\"561\" data-end=\"571\">fluide<\/strong> et <strong data-start=\"575\" data-end=\"585\">claire<\/strong>. Ce projet m\u2019a permis de d\u00e9velopper mes comp\u00e9tences en <strong data-start=\"642\" data-end=\"659\">motion design<\/strong> et en <strong data-start=\"666\" data-end=\"688\">animation d\u2019objets<\/strong>.<\/p>\t\t\t\t\t\t\t\t<\/div>\n\t\t\t\t<\/div>\n\t\t\t\t<\/div>\n\t\t<div class=\"elementor-element elementor-element-31df95d e-con-full e-flex wpr-particle-no wpr-jarallax-no wpr-parallax-no wpr-sticky-section-no e-con e-child\" data-id=\"31df95d\" data-element_type=\"container\" data-e-type=\"container\">\n\t\t\t\t<div class=\"elementor-element elementor-element-c8c987e elementor-widget elementor-widget-video\" data-id=\"c8c987e\" data-element_type=\"widget\" data-e-type=\"widget\" data-settings=\"{&quot;youtube_url&quot;:&quot;https:\\\/\\\/youtu.be\\\/GsDLxUJ7olQ&quot;,&quot;video_type&quot;:&quot;youtube&quot;,&quot;controls&quot;:&quot;yes&quot;}\" data-widget_type=\"video.default\">\n\t\t\t\t<div class=\"elementor-widget-container\">\n\t\t\t\t\t\t\t<div class=\"elementor-wrapper elementor-open-inline\">\n\t\t\t<div class=\"elementor-video\"><\/div>\t\t<\/div>\n\t\t\t\t\t\t<\/div>\n\t\t\t\t<\/div>\n\t\t\t\t<\/div>\n\t\t\t\t\t<\/div>\n\t\t\t\t<\/div>\n\t\t<div class=\"elementor-element elementor-element-654ebc5 e-flex e-con-boxed wpr-particle-no wpr-jarallax-no wpr-parallax-no wpr-sticky-section-no e-con e-parent\" data-id=\"654ebc5\" data-element_type=\"container\" data-e-type=\"container\">\n\t\t\t\t\t<div class=\"e-con-inner\">\n\t\t\t\t<div class=\"elementor-element elementor-element-9343512 elementor-widget elementor-widget-spacer\" data-id=\"9343512\" data-element_type=\"widget\" data-e-type=\"widget\" data-widget_type=\"spacer.default\">\n\t\t\t\t<div class=\"elementor-widget-container\">\n\t\t\t\t\t\t\t<div class=\"elementor-spacer\">\n\t\t\t<div class=\"elementor-spacer-inner\"><\/div>\n\t\t<\/div>\n\t\t\t\t\t\t<\/div>\n\t\t\t\t<\/div>\n\t\t\t\t\t<\/div>\n\t\t\t\t<\/div>\n\t\t\t\t<\/div>\n\t\t","protected":false},"excerpt":{"rendered":"<p>Motion design Motion design : cr\u00e9ation visuelle \u00e0 partir d\u2019un audio https:\/\/youtu.be\/8kpykC5RZc4 Dans le cadre d\u2019un cours de motion design, j\u2019ai r\u00e9alis\u00e9 une vid\u00e9o \u00e0 partir d\u2019un enregistrement audio d\u2019une publicit\u00e9 McDonald\u2019s. L\u2019objectif \u00e9tait de cr\u00e9er enti\u00e8rement les visuels en lien avec la voix. \u00c0 partir du son, j\u2019ai imagin\u00e9 et construit tous les plans, les \u00e9l\u00e9ments graphiques et les animations afin de donner du sens au message. J\u2019ai travaill\u00e9 la synchronisation avec l\u2019audio, le rythme et la mise en mouvement pour rendre la vid\u00e9o dynamique et coh\u00e9rente. Ce projet m\u2019a permis de d\u00e9velopper mes comp\u00e9tences en motion design, en cr\u00e9ation visuelle \u00e0 partir d\u2019un support audio et en animation graphique. Motion design : cr\u00e9ation visuelle \u00e0 partir d\u2019un audio Dans le cadre d\u2019un premier cours de motion design, j\u2019ai r\u00e9alis\u00e9 une vid\u00e9o sans son pour apprendre les bases de l\u2019animation. L\u2019objectif \u00e9tait de comprendre comment animer des \u00e9l\u00e9ments en travaillant la position, l\u2019\u00e9chelle et les mouvements. J\u2019ai notamment anim\u00e9 chaque partie d\u2019un burger s\u00e9par\u00e9ment. J\u2019ai aussi appris \u00e0 organiser plusieurs plans et \u00e0 cr\u00e9er une animation fluide et claire. Ce projet m\u2019a permis de d\u00e9velopper mes comp\u00e9tences en motion design et en animation d\u2019objets. https:\/\/youtu.be\/GsDLxUJ7olQ<\/p>\n","protected":false},"author":1,"featured_media":0,"parent":0,"menu_order":0,"comment_status":"closed","ping_status":"closed","template":"","meta":{"inline_featured_image":false,"inspiro_hide_title":false,"footnotes":""},"class_list":["post-2681","page","type-page","status-publish","hentry"],"yoast_head":"<!-- This site is optimized with the Yoast SEO plugin v27.3 - https:\/\/yoast.com\/product\/yoast-seo-wordpress\/ -->\n<title>Motion Design - Portfolio Charlotte Cseke<\/title>\n<meta name=\"robots\" content=\"index, follow, max-snippet:-1, max-image-preview:large, max-video-preview:-1\" \/>\n<link rel=\"canonical\" href=\"https:\/\/www.charlotte-cseke.fr\/index.php\/motiondesign\/\" \/>\n<meta property=\"og:locale\" content=\"fr_FR\" \/>\n<meta property=\"og:type\" content=\"article\" \/>\n<meta property=\"og:title\" content=\"Motion Design - Portfolio Charlotte Cseke\" \/>\n<meta property=\"og:description\" content=\"Motion design Motion design : cr\u00e9ation visuelle \u00e0 partir d\u2019un audio https:\/\/youtu.be\/8kpykC5RZc4 Dans le cadre d\u2019un cours de motion design, j\u2019ai r\u00e9alis\u00e9 une vid\u00e9o \u00e0 partir d\u2019un enregistrement audio d\u2019une publicit\u00e9 McDonald\u2019s. L\u2019objectif \u00e9tait de cr\u00e9er enti\u00e8rement les visuels en lien avec la voix. \u00c0 partir du son, j\u2019ai imagin\u00e9 et construit tous les plans, les \u00e9l\u00e9ments graphiques et les animations afin de donner du sens au message. J\u2019ai travaill\u00e9 la synchronisation avec l\u2019audio, le rythme et la mise en mouvement pour rendre la vid\u00e9o dynamique et coh\u00e9rente. Ce projet m\u2019a permis de d\u00e9velopper mes comp\u00e9tences en motion design, en cr\u00e9ation visuelle \u00e0 partir d\u2019un support audio et en animation graphique. Motion design : cr\u00e9ation visuelle \u00e0 partir d\u2019un audio Dans le cadre d\u2019un premier cours de motion design, j\u2019ai r\u00e9alis\u00e9 une vid\u00e9o sans son pour apprendre les bases de l\u2019animation. L\u2019objectif \u00e9tait de comprendre comment animer des \u00e9l\u00e9ments en travaillant la position, l\u2019\u00e9chelle et les mouvements. J\u2019ai notamment anim\u00e9 chaque partie d\u2019un burger s\u00e9par\u00e9ment. J\u2019ai aussi appris \u00e0 organiser plusieurs plans et \u00e0 cr\u00e9er une animation fluide et claire. Ce projet m\u2019a permis de d\u00e9velopper mes comp\u00e9tences en motion design et en animation d\u2019objets. https:\/\/youtu.be\/GsDLxUJ7olQ\" \/>\n<meta property=\"og:url\" content=\"https:\/\/www.charlotte-cseke.fr\/index.php\/motiondesign\/\" \/>\n<meta property=\"og:site_name\" content=\"Portfolio Charlotte Cseke\" \/>\n<meta property=\"article:modified_time\" content=\"2026-03-17T17:27:21+00:00\" \/>\n<meta name=\"twitter:card\" content=\"summary_large_image\" \/>\n<meta name=\"twitter:label1\" content=\"Dur\u00e9e de lecture estim\u00e9e\" \/>\n\t<meta name=\"twitter:data1\" content=\"1 minute\" \/>\n<script type=\"application\/ld+json\" class=\"yoast-schema-graph\">{\"@context\":\"https:\\\/\\\/schema.org\",\"@graph\":[{\"@type\":\"WebPage\",\"@id\":\"https:\\\/\\\/www.charlotte-cseke.fr\\\/index.php\\\/motiondesign\\\/\",\"url\":\"https:\\\/\\\/www.charlotte-cseke.fr\\\/index.php\\\/motiondesign\\\/\",\"name\":\"Motion Design - Portfolio Charlotte Cseke\",\"isPartOf\":{\"@id\":\"https:\\\/\\\/www.charlotte-cseke.fr\\\/#website\"},\"datePublished\":\"2026-03-17T17:22:39+00:00\",\"dateModified\":\"2026-03-17T17:27:21+00:00\",\"breadcrumb\":{\"@id\":\"https:\\\/\\\/www.charlotte-cseke.fr\\\/index.php\\\/motiondesign\\\/#breadcrumb\"},\"inLanguage\":\"fr-FR\",\"potentialAction\":[{\"@type\":\"ReadAction\",\"target\":[\"https:\\\/\\\/www.charlotte-cseke.fr\\\/index.php\\\/motiondesign\\\/\"]}]},{\"@type\":\"BreadcrumbList\",\"@id\":\"https:\\\/\\\/www.charlotte-cseke.fr\\\/index.php\\\/motiondesign\\\/#breadcrumb\",\"itemListElement\":[{\"@type\":\"ListItem\",\"position\":1,\"name\":\"Accueil\",\"item\":\"https:\\\/\\\/www.charlotte-cseke.fr\\\/\"},{\"@type\":\"ListItem\",\"position\":2,\"name\":\"Motion Design\"}]},{\"@type\":\"WebSite\",\"@id\":\"https:\\\/\\\/www.charlotte-cseke.fr\\\/#website\",\"url\":\"https:\\\/\\\/www.charlotte-cseke.fr\\\/\",\"name\":\"Portfolio Charlotte Cseke\",\"description\":\"\",\"publisher\":{\"@id\":\"https:\\\/\\\/www.charlotte-cseke.fr\\\/#organization\"},\"potentialAction\":[{\"@type\":\"SearchAction\",\"target\":{\"@type\":\"EntryPoint\",\"urlTemplate\":\"https:\\\/\\\/www.charlotte-cseke.fr\\\/?s={search_term_string}\"},\"query-input\":{\"@type\":\"PropertyValueSpecification\",\"valueRequired\":true,\"valueName\":\"search_term_string\"}}],\"inLanguage\":\"fr-FR\"},{\"@type\":\"Organization\",\"@id\":\"https:\\\/\\\/www.charlotte-cseke.fr\\\/#organization\",\"name\":\"Charlotte Cseke Portfolio\",\"url\":\"https:\\\/\\\/www.charlotte-cseke.fr\\\/\",\"logo\":{\"@type\":\"ImageObject\",\"inLanguage\":\"fr-FR\",\"@id\":\"https:\\\/\\\/www.charlotte-cseke.fr\\\/#\\\/schema\\\/logo\\\/image\\\/\",\"url\":\"https:\\\/\\\/www.charlotte-cseke.fr\\\/wp-content\\\/uploads\\\/2024\\\/10\\\/CHARTE-GRAPHIQUE-Portfolio-1400-x-500-mm-1-1-scaled.png\",\"contentUrl\":\"https:\\\/\\\/www.charlotte-cseke.fr\\\/wp-content\\\/uploads\\\/2024\\\/10\\\/CHARTE-GRAPHIQUE-Portfolio-1400-x-500-mm-1-1-scaled.png\",\"width\":2560,\"height\":980,\"caption\":\"Charlotte Cseke Portfolio\"},\"image\":{\"@id\":\"https:\\\/\\\/www.charlotte-cseke.fr\\\/#\\\/schema\\\/logo\\\/image\\\/\"}}]}<\/script>\n<!-- \/ Yoast SEO plugin. -->","yoast_head_json":{"title":"Motion Design - Portfolio Charlotte Cseke","robots":{"index":"index","follow":"follow","max-snippet":"max-snippet:-1","max-image-preview":"max-image-preview:large","max-video-preview":"max-video-preview:-1"},"canonical":"https:\/\/www.charlotte-cseke.fr\/index.php\/motiondesign\/","og_locale":"fr_FR","og_type":"article","og_title":"Motion Design - Portfolio Charlotte Cseke","og_description":"Motion design Motion design : cr\u00e9ation visuelle \u00e0 partir d\u2019un audio https:\/\/youtu.be\/8kpykC5RZc4 Dans le cadre d\u2019un cours de motion design, j\u2019ai r\u00e9alis\u00e9 une vid\u00e9o \u00e0 partir d\u2019un enregistrement audio d\u2019une publicit\u00e9 McDonald\u2019s. L\u2019objectif \u00e9tait de cr\u00e9er enti\u00e8rement les visuels en lien avec la voix. \u00c0 partir du son, j\u2019ai imagin\u00e9 et construit tous les plans, les \u00e9l\u00e9ments graphiques et les animations afin de donner du sens au message. J\u2019ai travaill\u00e9 la synchronisation avec l\u2019audio, le rythme et la mise en mouvement pour rendre la vid\u00e9o dynamique et coh\u00e9rente. Ce projet m\u2019a permis de d\u00e9velopper mes comp\u00e9tences en motion design, en cr\u00e9ation visuelle \u00e0 partir d\u2019un support audio et en animation graphique. Motion design : cr\u00e9ation visuelle \u00e0 partir d\u2019un audio Dans le cadre d\u2019un premier cours de motion design, j\u2019ai r\u00e9alis\u00e9 une vid\u00e9o sans son pour apprendre les bases de l\u2019animation. L\u2019objectif \u00e9tait de comprendre comment animer des \u00e9l\u00e9ments en travaillant la position, l\u2019\u00e9chelle et les mouvements. J\u2019ai notamment anim\u00e9 chaque partie d\u2019un burger s\u00e9par\u00e9ment. J\u2019ai aussi appris \u00e0 organiser plusieurs plans et \u00e0 cr\u00e9er une animation fluide et claire. Ce projet m\u2019a permis de d\u00e9velopper mes comp\u00e9tences en motion design et en animation d\u2019objets. https:\/\/youtu.be\/GsDLxUJ7olQ","og_url":"https:\/\/www.charlotte-cseke.fr\/index.php\/motiondesign\/","og_site_name":"Portfolio Charlotte Cseke","article_modified_time":"2026-03-17T17:27:21+00:00","twitter_card":"summary_large_image","twitter_misc":{"Dur\u00e9e de lecture estim\u00e9e":"1 minute"},"schema":{"@context":"https:\/\/schema.org","@graph":[{"@type":"WebPage","@id":"https:\/\/www.charlotte-cseke.fr\/index.php\/motiondesign\/","url":"https:\/\/www.charlotte-cseke.fr\/index.php\/motiondesign\/","name":"Motion Design - Portfolio Charlotte Cseke","isPartOf":{"@id":"https:\/\/www.charlotte-cseke.fr\/#website"},"datePublished":"2026-03-17T17:22:39+00:00","dateModified":"2026-03-17T17:27:21+00:00","breadcrumb":{"@id":"https:\/\/www.charlotte-cseke.fr\/index.php\/motiondesign\/#breadcrumb"},"inLanguage":"fr-FR","potentialAction":[{"@type":"ReadAction","target":["https:\/\/www.charlotte-cseke.fr\/index.php\/motiondesign\/"]}]},{"@type":"BreadcrumbList","@id":"https:\/\/www.charlotte-cseke.fr\/index.php\/motiondesign\/#breadcrumb","itemListElement":[{"@type":"ListItem","position":1,"name":"Accueil","item":"https:\/\/www.charlotte-cseke.fr\/"},{"@type":"ListItem","position":2,"name":"Motion Design"}]},{"@type":"WebSite","@id":"https:\/\/www.charlotte-cseke.fr\/#website","url":"https:\/\/www.charlotte-cseke.fr\/","name":"Portfolio Charlotte Cseke","description":"","publisher":{"@id":"https:\/\/www.charlotte-cseke.fr\/#organization"},"potentialAction":[{"@type":"SearchAction","target":{"@type":"EntryPoint","urlTemplate":"https:\/\/www.charlotte-cseke.fr\/?s={search_term_string}"},"query-input":{"@type":"PropertyValueSpecification","valueRequired":true,"valueName":"search_term_string"}}],"inLanguage":"fr-FR"},{"@type":"Organization","@id":"https:\/\/www.charlotte-cseke.fr\/#organization","name":"Charlotte Cseke Portfolio","url":"https:\/\/www.charlotte-cseke.fr\/","logo":{"@type":"ImageObject","inLanguage":"fr-FR","@id":"https:\/\/www.charlotte-cseke.fr\/#\/schema\/logo\/image\/","url":"https:\/\/www.charlotte-cseke.fr\/wp-content\/uploads\/2024\/10\/CHARTE-GRAPHIQUE-Portfolio-1400-x-500-mm-1-1-scaled.png","contentUrl":"https:\/\/www.charlotte-cseke.fr\/wp-content\/uploads\/2024\/10\/CHARTE-GRAPHIQUE-Portfolio-1400-x-500-mm-1-1-scaled.png","width":2560,"height":980,"caption":"Charlotte Cseke Portfolio"},"image":{"@id":"https:\/\/www.charlotte-cseke.fr\/#\/schema\/logo\/image\/"}}]}},"_links":{"self":[{"href":"https:\/\/www.charlotte-cseke.fr\/index.php\/wp-json\/wp\/v2\/pages\/2681","targetHints":{"allow":["GET"]}}],"collection":[{"href":"https:\/\/www.charlotte-cseke.fr\/index.php\/wp-json\/wp\/v2\/pages"}],"about":[{"href":"https:\/\/www.charlotte-cseke.fr\/index.php\/wp-json\/wp\/v2\/types\/page"}],"author":[{"embeddable":true,"href":"https:\/\/www.charlotte-cseke.fr\/index.php\/wp-json\/wp\/v2\/users\/1"}],"replies":[{"embeddable":true,"href":"https:\/\/www.charlotte-cseke.fr\/index.php\/wp-json\/wp\/v2\/comments?post=2681"}],"version-history":[{"count":4,"href":"https:\/\/www.charlotte-cseke.fr\/index.php\/wp-json\/wp\/v2\/pages\/2681\/revisions"}],"predecessor-version":[{"id":2686,"href":"https:\/\/www.charlotte-cseke.fr\/index.php\/wp-json\/wp\/v2\/pages\/2681\/revisions\/2686"}],"wp:attachment":[{"href":"https:\/\/www.charlotte-cseke.fr\/index.php\/wp-json\/wp\/v2\/media?parent=2681"}],"curies":[{"name":"wp","href":"https:\/\/api.w.org\/{rel}","templated":true}]}}