{"id":2666,"date":"2026-03-17T16:30:01","date_gmt":"2026-03-17T15:30:01","guid":{"rendered":"https:\/\/www.charlotte-cseke.fr\/?page_id=2666"},"modified":"2026-03-17T18:29:05","modified_gmt":"2026-03-17T17:29:05","slug":"pao","status":"publish","type":"page","link":"https:\/\/www.charlotte-cseke.fr\/index.php\/pao\/","title":{"rendered":"PAO"},"content":{"rendered":"\t\t<div data-elementor-type=\"wp-page\" data-elementor-id=\"2666\" class=\"elementor elementor-2666\">\n\t\t\t\t<div class=\"elementor-element elementor-element-c6b17bc e-flex e-con-boxed wpr-particle-no wpr-jarallax-no wpr-parallax-no wpr-sticky-section-no e-con e-parent\" data-id=\"c6b17bc\" data-element_type=\"container\" data-e-type=\"container\">\n\t\t\t\t\t<div class=\"e-con-inner\">\n\t\t\t\t<div class=\"elementor-element elementor-element-5bcf8bc elementor-widget elementor-widget-heading\" data-id=\"5bcf8bc\" data-element_type=\"widget\" data-e-type=\"widget\" data-widget_type=\"heading.default\">\n\t\t\t\t<div class=\"elementor-widget-container\">\n\t\t\t\t\t<h2 class=\"elementor-heading-title elementor-size-default\">PAO<\/h2>\t\t\t\t<\/div>\n\t\t\t\t<\/div>\n\t\t\t\t<div class=\"elementor-element elementor-element-988ae10 elementor-widget__width-initial elementor-widget elementor-widget-text-editor\" data-id=\"988ae10\" data-element_type=\"widget\" data-e-type=\"widget\" data-widget_type=\"text-editor.default\">\n\t\t\t\t<div class=\"elementor-widget-container\">\n\t\t\t\t\t\t\t\t\t<p>Des projets de <strong data-start=\"154\" data-end=\"175\">cr\u00e9ation visuelle<\/strong> qui m\u2019ont permis de d\u00e9velopper mes comp\u00e9tences en <strong data-start=\"226\" data-end=\"246\">design graphique<\/strong> et en <strong data-start=\"253\" data-end=\"266\">animation<\/strong>.<\/p>\t\t\t\t\t\t\t\t<\/div>\n\t\t\t\t<\/div>\n\t\t\t\t<div class=\"elementor-element elementor-element-e1c1d6f elementor-widget elementor-widget-spacer\" data-id=\"e1c1d6f\" data-element_type=\"widget\" data-e-type=\"widget\" data-widget_type=\"spacer.default\">\n\t\t\t\t<div class=\"elementor-widget-container\">\n\t\t\t\t\t\t\t<div class=\"elementor-spacer\">\n\t\t\t<div class=\"elementor-spacer-inner\"><\/div>\n\t\t<\/div>\n\t\t\t\t\t\t<\/div>\n\t\t\t\t<\/div>\n\t\t\t\t\t<\/div>\n\t\t\t\t<\/div>\n\t\t<div class=\"elementor-element elementor-element-87153b6 e-con-full e-flex wpr-particle-no wpr-jarallax-no wpr-parallax-no wpr-sticky-section-no elementor-invisible e-con e-parent\" data-id=\"87153b6\" data-element_type=\"container\" data-e-type=\"container\" data-settings=\"{&quot;animation&quot;:&quot;slideInRight&quot;}\">\n\t\t<div class=\"elementor-element elementor-element-dac0d71 e-con-full e-flex wpr-particle-no wpr-jarallax-no wpr-parallax-no wpr-sticky-section-no e-con e-child\" data-id=\"dac0d71\" data-element_type=\"container\" data-e-type=\"container\">\n\t\t\t\t<div class=\"elementor-element elementor-element-7e25404 elementor-widget__width-initial elementor-widget elementor-widget-image\" data-id=\"7e25404\" data-element_type=\"widget\" data-e-type=\"widget\" data-widget_type=\"image.default\">\n\t\t\t\t<div class=\"elementor-widget-container\">\n\t\t\t\t\t\t\t\t\t\t\t\t\t\t\t<img fetchpriority=\"high\" decoding=\"async\" width=\"669\" height=\"547\" src=\"https:\/\/www.charlotte-cseke.fr\/wp-content\/uploads\/2025\/04\/Capture-decran-2025-04-25-a-13.25.49-1.webp\" class=\"attachment-medium_large size-medium_large wp-image-1749\" alt=\"\" srcset=\"https:\/\/www.charlotte-cseke.fr\/wp-content\/uploads\/2025\/04\/Capture-decran-2025-04-25-a-13.25.49-1.webp 669w, https:\/\/www.charlotte-cseke.fr\/wp-content\/uploads\/2025\/04\/Capture-decran-2025-04-25-a-13.25.49-1-300x245.webp 300w\" sizes=\"100vw\" \/>\t\t\t\t\t\t\t\t\t\t\t\t\t\t\t<\/div>\n\t\t\t\t<\/div>\n\t\t\t\t<\/div>\n\t\t<div class=\"elementor-element elementor-element-ee53c29 e-con-full e-flex wpr-particle-no wpr-jarallax-no wpr-parallax-no wpr-sticky-section-no e-con e-child\" data-id=\"ee53c29\" data-element_type=\"container\" data-e-type=\"container\">\n\t\t\t\t<div class=\"elementor-element elementor-element-38cf035 elementor-widget elementor-widget-heading\" data-id=\"38cf035\" data-element_type=\"widget\" data-e-type=\"widget\" data-widget_type=\"heading.default\">\n\t\t\t\t<div class=\"elementor-widget-container\">\n\t\t\t\t\t<h2 class=\"elementor-heading-title elementor-size-default\">Cr\u00e9ation graphique<\/h2>\t\t\t\t<\/div>\n\t\t\t\t<\/div>\n\t\t\t\t<div class=\"elementor-element elementor-element-181db52 elementor-widget elementor-widget-heading\" data-id=\"181db52\" data-element_type=\"widget\" data-e-type=\"widget\" data-widget_type=\"heading.default\">\n\t\t\t\t<div class=\"elementor-widget-container\">\n\t\t\t\t\t<h2 class=\"elementor-heading-title elementor-size-default\">Projets de design visuel<\/h2>\t\t\t\t<\/div>\n\t\t\t\t<\/div>\n\t\t\t\t<div class=\"elementor-element elementor-element-5f1e24b elementor-widget elementor-widget-text-editor\" data-id=\"5f1e24b\" data-element_type=\"widget\" data-e-type=\"widget\" data-widget_type=\"text-editor.default\">\n\t\t\t\t<div class=\"elementor-widget-container\">\n\t\t\t\t\t\t\t\t\t<p class=\"cvGsUA direction-ltr align-justify para-style-body\">R\u00e9alisation de chartes graphiques et de refontes de marque, avec un travail sur l\u2019identit\u00e9 visuelle, les couleurs, les typographies et la coh\u00e9rence graphique. Ces projets m\u2019ont permis de comprendre les bases de la construction d\u2019une image de marque.<\/p>\t\t\t\t\t\t\t\t<\/div>\n\t\t\t\t<\/div>\n\t\t\t\t<\/div>\n\t\t\t\t<\/div>\n\t\t<div class=\"elementor-element elementor-element-412dd42 e-con-full e-flex wpr-particle-no wpr-jarallax-no wpr-parallax-no wpr-sticky-section-no e-con e-parent\" data-id=\"412dd42\" data-element_type=\"container\" data-e-type=\"container\">\n\t\t<div class=\"elementor-element elementor-element-7ba9706 e-con-full e-flex wpr-particle-no wpr-jarallax-no wpr-parallax-no wpr-sticky-section-no e-con e-child\" data-id=\"7ba9706\" data-element_type=\"container\" data-e-type=\"container\">\n\t\t\t\t<div class=\"elementor-element elementor-element-e7e0c9b elementor-align-right elementor-widget-mobile__width-initial elementor-widget elementor-widget-button\" data-id=\"e7e0c9b\" data-element_type=\"widget\" data-e-type=\"widget\" data-widget_type=\"button.default\">\n\t\t\t\t<div class=\"elementor-widget-container\">\n\t\t\t\t\t\t\t\t\t<div class=\"elementor-button-wrapper\">\n\t\t\t\t\t<a class=\"elementor-button elementor-button-link elementor-size-sm elementor-animation-grow\" href=\"https:\/\/www.charlotte-cseke.fr\/index.php\/creationgraphique\/\" target=\"_blank\">\n\t\t\t\t\t\t<span class=\"elementor-button-content-wrapper\">\n\t\t\t\t\t\t\t\t\t<span class=\"elementor-button-text\">Voir les projets<\/span>\n\t\t\t\t\t<\/span>\n\t\t\t\t\t<\/a>\n\t\t\t\t<\/div>\n\t\t\t\t\t\t\t\t<\/div>\n\t\t\t\t<\/div>\n\t\t\t\t<\/div>\n\t\t\t\t<\/div>\n\t\t<div class=\"elementor-element elementor-element-a4c6498 e-flex e-con-boxed wpr-particle-no wpr-jarallax-no wpr-parallax-no wpr-sticky-section-no e-con e-parent\" data-id=\"a4c6498\" data-element_type=\"container\" data-e-type=\"container\" data-settings=\"{&quot;shape_divider_bottom&quot;:&quot;waves&quot;}\">\n\t\t\t\t\t<div class=\"e-con-inner\">\n\t\t\t\t<div class=\"elementor-shape elementor-shape-bottom\" aria-hidden=\"true\" data-negative=\"false\">\n\t\t\t<svg xmlns=\"http:\/\/www.w3.org\/2000\/svg\" viewBox=\"0 0 1000 100\" preserveAspectRatio=\"none\">\n\t<path class=\"elementor-shape-fill\" d=\"M421.9,6.5c22.6-2.5,51.5,0.4,75.5,5.3c23.6,4.9,70.9,23.5,100.5,35.7c75.8,32.2,133.7,44.5,192.6,49.7\n\tc23.6,2.1,48.7,3.5,103.4-2.5c54.7-6,106.2-25.6,106.2-25.6V0H0v30.3c0,0,72,32.6,158.4,30.5c39.2-0.7,92.8-6.7,134-22.4\n\tc21.2-8.1,52.2-18.2,79.7-24.2C399.3,7.9,411.6,7.5,421.9,6.5z\"\/>\n<\/svg>\t\t<\/div>\n\t\t\t\t<div class=\"elementor-element elementor-element-9398d1b elementor-widget elementor-widget-spacer\" data-id=\"9398d1b\" data-element_type=\"widget\" data-e-type=\"widget\" data-widget_type=\"spacer.default\">\n\t\t\t\t<div class=\"elementor-widget-container\">\n\t\t\t\t\t\t\t<div class=\"elementor-spacer\">\n\t\t\t<div class=\"elementor-spacer-inner\"><\/div>\n\t\t<\/div>\n\t\t\t\t\t\t<\/div>\n\t\t\t\t<\/div>\n\t\t\t\t\t<\/div>\n\t\t\t\t<\/div>\n\t\t<div class=\"elementor-element elementor-element-dbe5e1f e-con-full e-flex wpr-particle-no wpr-jarallax-no wpr-parallax-no wpr-sticky-section-no e-con e-parent\" data-id=\"dbe5e1f\" data-element_type=\"container\" data-e-type=\"container\" data-settings=\"{&quot;background_background&quot;:&quot;classic&quot;}\">\n\t\t<div class=\"elementor-element elementor-element-fcc0372 e-con-full e-flex wpr-particle-no wpr-jarallax-no wpr-parallax-no wpr-sticky-section-no elementor-invisible e-con e-child\" data-id=\"fcc0372\" data-element_type=\"container\" data-e-type=\"container\" data-settings=\"{&quot;animation&quot;:&quot;slideInLeft&quot;}\">\n\t\t\t\t<div class=\"elementor-element elementor-element-d9455df elementor-widget elementor-widget-heading\" data-id=\"d9455df\" data-element_type=\"widget\" data-e-type=\"widget\" data-widget_type=\"heading.default\">\n\t\t\t\t<div class=\"elementor-widget-container\">\n\t\t\t\t\t<h2 class=\"elementor-heading-title elementor-size-default\">Motion design<\/h2>\t\t\t\t<\/div>\n\t\t\t\t<\/div>\n\t\t\t\t<div class=\"elementor-element elementor-element-7268412 elementor-widget elementor-widget-heading\" data-id=\"7268412\" data-element_type=\"widget\" data-e-type=\"widget\" data-widget_type=\"heading.default\">\n\t\t\t\t<div class=\"elementor-widget-container\">\n\t\t\t\t\t<h2 class=\"elementor-heading-title elementor-size-default\">Projets d\u2019animation<\/h2>\t\t\t\t<\/div>\n\t\t\t\t<\/div>\n\t\t\t\t<div class=\"elementor-element elementor-element-e29452a elementor-widget__width-initial elementor-widget elementor-widget-text-editor\" data-id=\"e29452a\" data-element_type=\"widget\" data-e-type=\"widget\" data-widget_type=\"text-editor.default\">\n\t\t\t\t<div class=\"elementor-widget-container\">\n\t\t\t\t\t\t\t\t\t<p>Cr\u00e9ation de contenus en motion design, en travaillant le rythme, les transitions et la mise en mouvement des \u00e9l\u00e9ments graphiques. L\u2019objectif est de rendre les messages plus dynamiques et engageants.<\/p>\t\t\t\t\t\t\t\t<\/div>\n\t\t\t\t<\/div>\n\t\t\t\t<\/div>\n\t\t<div class=\"elementor-element elementor-element-02b47d1 e-con-full e-flex wpr-particle-no wpr-jarallax-no wpr-parallax-no wpr-sticky-section-no elementor-invisible e-con e-child\" data-id=\"02b47d1\" data-element_type=\"container\" data-e-type=\"container\" data-settings=\"{&quot;animation&quot;:&quot;slideInLeft&quot;}\">\n\t\t\t\t<div class=\"elementor-element elementor-element-9d8644f elementor-widget__width-initial elementor-widget elementor-widget-image\" data-id=\"9d8644f\" data-element_type=\"widget\" data-e-type=\"widget\" data-widget_type=\"image.default\">\n\t\t\t\t<div class=\"elementor-widget-container\">\n\t\t\t\t\t\t\t\t\t\t\t\t\t\t\t<img decoding=\"async\" width=\"635\" height=\"484\" src=\"https:\/\/www.charlotte-cseke.fr\/wp-content\/uploads\/2025\/04\/Capture-decran-2025-04-25-a-13.19.45-1.webp\" class=\"attachment-large size-large wp-image-1744\" alt=\"\" srcset=\"https:\/\/www.charlotte-cseke.fr\/wp-content\/uploads\/2025\/04\/Capture-decran-2025-04-25-a-13.19.45-1.webp 635w, https:\/\/www.charlotte-cseke.fr\/wp-content\/uploads\/2025\/04\/Capture-decran-2025-04-25-a-13.19.45-1-300x229.webp 300w\" sizes=\"100vw\" \/>\t\t\t\t\t\t\t\t\t\t\t\t\t\t\t<\/div>\n\t\t\t\t<\/div>\n\t\t\t\t<\/div>\n\t\t\t\t<\/div>\n\t\t<div class=\"elementor-element elementor-element-7600e87 e-flex e-con-boxed wpr-particle-no wpr-jarallax-no wpr-parallax-no wpr-sticky-section-no e-con e-parent\" data-id=\"7600e87\" data-element_type=\"container\" data-e-type=\"container\" data-settings=\"{&quot;shape_divider_top&quot;:&quot;waves&quot;}\">\n\t\t\t\t\t<div class=\"e-con-inner\">\n\t\t\t\t<div class=\"elementor-shape elementor-shape-top\" aria-hidden=\"true\" data-negative=\"false\">\n\t\t\t<svg xmlns=\"http:\/\/www.w3.org\/2000\/svg\" viewBox=\"0 0 1000 100\" preserveAspectRatio=\"none\">\n\t<path class=\"elementor-shape-fill\" d=\"M421.9,6.5c22.6-2.5,51.5,0.4,75.5,5.3c23.6,4.9,70.9,23.5,100.5,35.7c75.8,32.2,133.7,44.5,192.6,49.7\n\tc23.6,2.1,48.7,3.5,103.4-2.5c54.7-6,106.2-25.6,106.2-25.6V0H0v30.3c0,0,72,32.6,158.4,30.5c39.2-0.7,92.8-6.7,134-22.4\n\tc21.2-8.1,52.2-18.2,79.7-24.2C399.3,7.9,411.6,7.5,421.9,6.5z\"\/>\n<\/svg>\t\t<\/div>\n\t\t\t\t<div class=\"elementor-element elementor-element-6622918 elementor-widget elementor-widget-spacer\" data-id=\"6622918\" data-element_type=\"widget\" data-e-type=\"widget\" data-widget_type=\"spacer.default\">\n\t\t\t\t<div class=\"elementor-widget-container\">\n\t\t\t\t\t\t\t<div class=\"elementor-spacer\">\n\t\t\t<div class=\"elementor-spacer-inner\"><\/div>\n\t\t<\/div>\n\t\t\t\t\t\t<\/div>\n\t\t\t\t<\/div>\n\t\t\t\t\t<\/div>\n\t\t\t\t<\/div>\n\t\t<div class=\"elementor-element elementor-element-c9c169d e-flex e-con-boxed wpr-particle-no wpr-jarallax-no wpr-parallax-no wpr-sticky-section-no e-con e-parent\" data-id=\"c9c169d\" data-element_type=\"container\" data-e-type=\"container\">\n\t\t\t\t\t<div class=\"e-con-inner\">\n\t\t\t\t<div class=\"elementor-element elementor-element-b8b8766 elementor-align-center elementor-widget elementor-widget-button\" data-id=\"b8b8766\" data-element_type=\"widget\" data-e-type=\"widget\" data-widget_type=\"button.default\">\n\t\t\t\t<div class=\"elementor-widget-container\">\n\t\t\t\t\t\t\t\t\t<div class=\"elementor-button-wrapper\">\n\t\t\t\t\t<a class=\"elementor-button elementor-button-link elementor-size-sm elementor-animation-grow\" href=\"https:\/\/www.charlotte-cseke.fr\/index.php\/motiondesign\/\" target=\"_blank\">\n\t\t\t\t\t\t<span class=\"elementor-button-content-wrapper\">\n\t\t\t\t\t\t\t\t\t<span class=\"elementor-button-text\">Voir les projets<\/span>\n\t\t\t\t\t<\/span>\n\t\t\t\t\t<\/a>\n\t\t\t\t<\/div>\n\t\t\t\t\t\t\t\t<\/div>\n\t\t\t\t<\/div>\n\t\t\t\t<div class=\"elementor-element elementor-element-690c123 elementor-widget elementor-widget-spacer\" data-id=\"690c123\" data-element_type=\"widget\" data-e-type=\"widget\" data-widget_type=\"spacer.default\">\n\t\t\t\t<div class=\"elementor-widget-container\">\n\t\t\t\t\t\t\t<div class=\"elementor-spacer\">\n\t\t\t<div class=\"elementor-spacer-inner\"><\/div>\n\t\t<\/div>\n\t\t\t\t\t\t<\/div>\n\t\t\t\t<\/div>\n\t\t\t\t\t<\/div>\n\t\t\t\t<\/div>\n\t\t\t\t<\/div>\n\t\t","protected":false},"excerpt":{"rendered":"<p>PAO Des projets de cr\u00e9ation visuelle qui m\u2019ont permis de d\u00e9velopper mes comp\u00e9tences en design graphique et en animation. Cr\u00e9ation graphique Projets de design visuel R\u00e9alisation de chartes graphiques et de refontes de marque, avec un travail sur l\u2019identit\u00e9 visuelle, les couleurs, les typographies et la coh\u00e9rence graphique. Ces projets m\u2019ont permis de comprendre les bases de la construction d\u2019une image de marque. Voir les projets Motion design Projets d\u2019animation Cr\u00e9ation de contenus en motion design, en travaillant le rythme, les transitions et la mise en mouvement des \u00e9l\u00e9ments graphiques. L\u2019objectif est de rendre les messages plus dynamiques et engageants. Voir les projets<\/p>\n","protected":false},"author":1,"featured_media":0,"parent":0,"menu_order":0,"comment_status":"closed","ping_status":"closed","template":"","meta":{"inline_featured_image":false,"inspiro_hide_title":false,"footnotes":""},"class_list":["post-2666","page","type-page","status-publish","hentry"],"yoast_head":"<!-- This site is optimized with the Yoast SEO plugin v27.3 - https:\/\/yoast.com\/product\/yoast-seo-wordpress\/ -->\n<title>PAO - Portfolio Charlotte Cseke<\/title>\n<meta name=\"robots\" content=\"index, follow, max-snippet:-1, max-image-preview:large, max-video-preview:-1\" \/>\n<link rel=\"canonical\" href=\"https:\/\/www.charlotte-cseke.fr\/index.php\/pao\/\" \/>\n<meta property=\"og:locale\" content=\"fr_FR\" \/>\n<meta property=\"og:type\" content=\"article\" \/>\n<meta property=\"og:title\" content=\"PAO - Portfolio Charlotte Cseke\" \/>\n<meta property=\"og:description\" content=\"PAO Des projets de cr\u00e9ation visuelle qui m\u2019ont permis de d\u00e9velopper mes comp\u00e9tences en design graphique et en animation. Cr\u00e9ation graphique Projets de design visuel R\u00e9alisation de chartes graphiques et de refontes de marque, avec un travail sur l\u2019identit\u00e9 visuelle, les couleurs, les typographies et la coh\u00e9rence graphique. Ces projets m\u2019ont permis de comprendre les bases de la construction d\u2019une image de marque. Voir les projets Motion design Projets d\u2019animation Cr\u00e9ation de contenus en motion design, en travaillant le rythme, les transitions et la mise en mouvement des \u00e9l\u00e9ments graphiques. L\u2019objectif est de rendre les messages plus dynamiques et engageants. Voir les projets\" \/>\n<meta property=\"og:url\" content=\"https:\/\/www.charlotte-cseke.fr\/index.php\/pao\/\" \/>\n<meta property=\"og:site_name\" content=\"Portfolio Charlotte Cseke\" \/>\n<meta property=\"article:modified_time\" content=\"2026-03-17T17:29:05+00:00\" \/>\n<meta property=\"og:image\" content=\"http:\/\/www.charlotte-cseke.fr\/wp-content\/uploads\/2025\/04\/Capture-decran-2025-04-25-a-13.25.49-1.webp\" \/>\n<meta name=\"twitter:card\" content=\"summary_large_image\" \/>\n<meta name=\"twitter:label1\" content=\"Dur\u00e9e de lecture estim\u00e9e\" \/>\n\t<meta name=\"twitter:data1\" content=\"1 minute\" \/>\n<script type=\"application\/ld+json\" class=\"yoast-schema-graph\">{\"@context\":\"https:\\\/\\\/schema.org\",\"@graph\":[{\"@type\":\"WebPage\",\"@id\":\"https:\\\/\\\/www.charlotte-cseke.fr\\\/index.php\\\/pao\\\/\",\"url\":\"https:\\\/\\\/www.charlotte-cseke.fr\\\/index.php\\\/pao\\\/\",\"name\":\"PAO - Portfolio Charlotte Cseke\",\"isPartOf\":{\"@id\":\"https:\\\/\\\/www.charlotte-cseke.fr\\\/#website\"},\"primaryImageOfPage\":{\"@id\":\"https:\\\/\\\/www.charlotte-cseke.fr\\\/index.php\\\/pao\\\/#primaryimage\"},\"image\":{\"@id\":\"https:\\\/\\\/www.charlotte-cseke.fr\\\/index.php\\\/pao\\\/#primaryimage\"},\"thumbnailUrl\":\"http:\\\/\\\/www.charlotte-cseke.fr\\\/wp-content\\\/uploads\\\/2025\\\/04\\\/Capture-decran-2025-04-25-a-13.25.49-1.webp\",\"datePublished\":\"2026-03-17T15:30:01+00:00\",\"dateModified\":\"2026-03-17T17:29:05+00:00\",\"breadcrumb\":{\"@id\":\"https:\\\/\\\/www.charlotte-cseke.fr\\\/index.php\\\/pao\\\/#breadcrumb\"},\"inLanguage\":\"fr-FR\",\"potentialAction\":[{\"@type\":\"ReadAction\",\"target\":[\"https:\\\/\\\/www.charlotte-cseke.fr\\\/index.php\\\/pao\\\/\"]}]},{\"@type\":\"ImageObject\",\"inLanguage\":\"fr-FR\",\"@id\":\"https:\\\/\\\/www.charlotte-cseke.fr\\\/index.php\\\/pao\\\/#primaryimage\",\"url\":\"http:\\\/\\\/www.charlotte-cseke.fr\\\/wp-content\\\/uploads\\\/2025\\\/04\\\/Capture-decran-2025-04-25-a-13.25.49-1.webp\",\"contentUrl\":\"http:\\\/\\\/www.charlotte-cseke.fr\\\/wp-content\\\/uploads\\\/2025\\\/04\\\/Capture-decran-2025-04-25-a-13.25.49-1.webp\"},{\"@type\":\"BreadcrumbList\",\"@id\":\"https:\\\/\\\/www.charlotte-cseke.fr\\\/index.php\\\/pao\\\/#breadcrumb\",\"itemListElement\":[{\"@type\":\"ListItem\",\"position\":1,\"name\":\"Accueil\",\"item\":\"https:\\\/\\\/www.charlotte-cseke.fr\\\/\"},{\"@type\":\"ListItem\",\"position\":2,\"name\":\"PAO\"}]},{\"@type\":\"WebSite\",\"@id\":\"https:\\\/\\\/www.charlotte-cseke.fr\\\/#website\",\"url\":\"https:\\\/\\\/www.charlotte-cseke.fr\\\/\",\"name\":\"Portfolio Charlotte Cseke\",\"description\":\"\",\"publisher\":{\"@id\":\"https:\\\/\\\/www.charlotte-cseke.fr\\\/#organization\"},\"potentialAction\":[{\"@type\":\"SearchAction\",\"target\":{\"@type\":\"EntryPoint\",\"urlTemplate\":\"https:\\\/\\\/www.charlotte-cseke.fr\\\/?s={search_term_string}\"},\"query-input\":{\"@type\":\"PropertyValueSpecification\",\"valueRequired\":true,\"valueName\":\"search_term_string\"}}],\"inLanguage\":\"fr-FR\"},{\"@type\":\"Organization\",\"@id\":\"https:\\\/\\\/www.charlotte-cseke.fr\\\/#organization\",\"name\":\"Charlotte Cseke Portfolio\",\"url\":\"https:\\\/\\\/www.charlotte-cseke.fr\\\/\",\"logo\":{\"@type\":\"ImageObject\",\"inLanguage\":\"fr-FR\",\"@id\":\"https:\\\/\\\/www.charlotte-cseke.fr\\\/#\\\/schema\\\/logo\\\/image\\\/\",\"url\":\"https:\\\/\\\/www.charlotte-cseke.fr\\\/wp-content\\\/uploads\\\/2024\\\/10\\\/CHARTE-GRAPHIQUE-Portfolio-1400-x-500-mm-1-1-scaled.png\",\"contentUrl\":\"https:\\\/\\\/www.charlotte-cseke.fr\\\/wp-content\\\/uploads\\\/2024\\\/10\\\/CHARTE-GRAPHIQUE-Portfolio-1400-x-500-mm-1-1-scaled.png\",\"width\":2560,\"height\":980,\"caption\":\"Charlotte Cseke Portfolio\"},\"image\":{\"@id\":\"https:\\\/\\\/www.charlotte-cseke.fr\\\/#\\\/schema\\\/logo\\\/image\\\/\"}}]}<\/script>\n<!-- \/ Yoast SEO plugin. -->","yoast_head_json":{"title":"PAO - Portfolio Charlotte Cseke","robots":{"index":"index","follow":"follow","max-snippet":"max-snippet:-1","max-image-preview":"max-image-preview:large","max-video-preview":"max-video-preview:-1"},"canonical":"https:\/\/www.charlotte-cseke.fr\/index.php\/pao\/","og_locale":"fr_FR","og_type":"article","og_title":"PAO - Portfolio Charlotte Cseke","og_description":"PAO Des projets de cr\u00e9ation visuelle qui m\u2019ont permis de d\u00e9velopper mes comp\u00e9tences en design graphique et en animation. Cr\u00e9ation graphique Projets de design visuel R\u00e9alisation de chartes graphiques et de refontes de marque, avec un travail sur l\u2019identit\u00e9 visuelle, les couleurs, les typographies et la coh\u00e9rence graphique. Ces projets m\u2019ont permis de comprendre les bases de la construction d\u2019une image de marque. Voir les projets Motion design Projets d\u2019animation Cr\u00e9ation de contenus en motion design, en travaillant le rythme, les transitions et la mise en mouvement des \u00e9l\u00e9ments graphiques. L\u2019objectif est de rendre les messages plus dynamiques et engageants. Voir les projets","og_url":"https:\/\/www.charlotte-cseke.fr\/index.php\/pao\/","og_site_name":"Portfolio Charlotte Cseke","article_modified_time":"2026-03-17T17:29:05+00:00","og_image":[{"url":"http:\/\/www.charlotte-cseke.fr\/wp-content\/uploads\/2025\/04\/Capture-decran-2025-04-25-a-13.25.49-1.webp","type":"","width":"","height":""}],"twitter_card":"summary_large_image","twitter_misc":{"Dur\u00e9e de lecture estim\u00e9e":"1 minute"},"schema":{"@context":"https:\/\/schema.org","@graph":[{"@type":"WebPage","@id":"https:\/\/www.charlotte-cseke.fr\/index.php\/pao\/","url":"https:\/\/www.charlotte-cseke.fr\/index.php\/pao\/","name":"PAO - Portfolio Charlotte Cseke","isPartOf":{"@id":"https:\/\/www.charlotte-cseke.fr\/#website"},"primaryImageOfPage":{"@id":"https:\/\/www.charlotte-cseke.fr\/index.php\/pao\/#primaryimage"},"image":{"@id":"https:\/\/www.charlotte-cseke.fr\/index.php\/pao\/#primaryimage"},"thumbnailUrl":"http:\/\/www.charlotte-cseke.fr\/wp-content\/uploads\/2025\/04\/Capture-decran-2025-04-25-a-13.25.49-1.webp","datePublished":"2026-03-17T15:30:01+00:00","dateModified":"2026-03-17T17:29:05+00:00","breadcrumb":{"@id":"https:\/\/www.charlotte-cseke.fr\/index.php\/pao\/#breadcrumb"},"inLanguage":"fr-FR","potentialAction":[{"@type":"ReadAction","target":["https:\/\/www.charlotte-cseke.fr\/index.php\/pao\/"]}]},{"@type":"ImageObject","inLanguage":"fr-FR","@id":"https:\/\/www.charlotte-cseke.fr\/index.php\/pao\/#primaryimage","url":"http:\/\/www.charlotte-cseke.fr\/wp-content\/uploads\/2025\/04\/Capture-decran-2025-04-25-a-13.25.49-1.webp","contentUrl":"http:\/\/www.charlotte-cseke.fr\/wp-content\/uploads\/2025\/04\/Capture-decran-2025-04-25-a-13.25.49-1.webp"},{"@type":"BreadcrumbList","@id":"https:\/\/www.charlotte-cseke.fr\/index.php\/pao\/#breadcrumb","itemListElement":[{"@type":"ListItem","position":1,"name":"Accueil","item":"https:\/\/www.charlotte-cseke.fr\/"},{"@type":"ListItem","position":2,"name":"PAO"}]},{"@type":"WebSite","@id":"https:\/\/www.charlotte-cseke.fr\/#website","url":"https:\/\/www.charlotte-cseke.fr\/","name":"Portfolio Charlotte Cseke","description":"","publisher":{"@id":"https:\/\/www.charlotte-cseke.fr\/#organization"},"potentialAction":[{"@type":"SearchAction","target":{"@type":"EntryPoint","urlTemplate":"https:\/\/www.charlotte-cseke.fr\/?s={search_term_string}"},"query-input":{"@type":"PropertyValueSpecification","valueRequired":true,"valueName":"search_term_string"}}],"inLanguage":"fr-FR"},{"@type":"Organization","@id":"https:\/\/www.charlotte-cseke.fr\/#organization","name":"Charlotte Cseke Portfolio","url":"https:\/\/www.charlotte-cseke.fr\/","logo":{"@type":"ImageObject","inLanguage":"fr-FR","@id":"https:\/\/www.charlotte-cseke.fr\/#\/schema\/logo\/image\/","url":"https:\/\/www.charlotte-cseke.fr\/wp-content\/uploads\/2024\/10\/CHARTE-GRAPHIQUE-Portfolio-1400-x-500-mm-1-1-scaled.png","contentUrl":"https:\/\/www.charlotte-cseke.fr\/wp-content\/uploads\/2024\/10\/CHARTE-GRAPHIQUE-Portfolio-1400-x-500-mm-1-1-scaled.png","width":2560,"height":980,"caption":"Charlotte Cseke Portfolio"},"image":{"@id":"https:\/\/www.charlotte-cseke.fr\/#\/schema\/logo\/image\/"}}]}},"_links":{"self":[{"href":"https:\/\/www.charlotte-cseke.fr\/index.php\/wp-json\/wp\/v2\/pages\/2666","targetHints":{"allow":["GET"]}}],"collection":[{"href":"https:\/\/www.charlotte-cseke.fr\/index.php\/wp-json\/wp\/v2\/pages"}],"about":[{"href":"https:\/\/www.charlotte-cseke.fr\/index.php\/wp-json\/wp\/v2\/types\/page"}],"author":[{"embeddable":true,"href":"https:\/\/www.charlotte-cseke.fr\/index.php\/wp-json\/wp\/v2\/users\/1"}],"replies":[{"embeddable":true,"href":"https:\/\/www.charlotte-cseke.fr\/index.php\/wp-json\/wp\/v2\/comments?post=2666"}],"version-history":[{"count":12,"href":"https:\/\/www.charlotte-cseke.fr\/index.php\/wp-json\/wp\/v2\/pages\/2666\/revisions"}],"predecessor-version":[{"id":2690,"href":"https:\/\/www.charlotte-cseke.fr\/index.php\/wp-json\/wp\/v2\/pages\/2666\/revisions\/2690"}],"wp:attachment":[{"href":"https:\/\/www.charlotte-cseke.fr\/index.php\/wp-json\/wp\/v2\/media?parent=2666"}],"curies":[{"name":"wp","href":"https:\/\/api.w.org\/{rel}","templated":true}]}}