{"id":2515,"date":"2026-01-12T18:21:05","date_gmt":"2026-01-12T17:21:05","guid":{"rendered":"https:\/\/www.charlotte-cseke.fr\/?page_id=2515"},"modified":"2026-01-12T18:24:01","modified_gmt":"2026-01-12T17:24:01","slug":"alternance","status":"publish","type":"page","link":"https:\/\/www.charlotte-cseke.fr\/index.php\/alternance\/","title":{"rendered":"Alternances"},"content":{"rendered":"\t\t<div data-elementor-type=\"wp-page\" data-elementor-id=\"2515\" class=\"elementor elementor-2515\">\n\t\t\t\t<div class=\"elementor-element elementor-element-c6b17bc e-flex e-con-boxed wpr-particle-no wpr-jarallax-no wpr-parallax-no wpr-sticky-section-no e-con e-parent\" data-id=\"c6b17bc\" data-element_type=\"container\" data-e-type=\"container\">\n\t\t\t\t\t<div class=\"e-con-inner\">\n\t\t\t\t<div class=\"elementor-element elementor-element-5bcf8bc elementor-widget elementor-widget-heading\" data-id=\"5bcf8bc\" data-element_type=\"widget\" data-e-type=\"widget\" data-widget_type=\"heading.default\">\n\t\t\t\t<div class=\"elementor-widget-container\">\n\t\t\t\t\t<h2 class=\"elementor-heading-title elementor-size-default\">ALTERNANCES<\/h2>\t\t\t\t<\/div>\n\t\t\t\t<\/div>\n\t\t\t\t<div class=\"elementor-element elementor-element-988ae10 elementor-widget__width-initial elementor-widget elementor-widget-text-editor\" data-id=\"988ae10\" data-element_type=\"widget\" data-e-type=\"widget\" data-widget_type=\"text-editor.default\">\n\t\t\t\t<div class=\"elementor-widget-container\">\n\t\t\t\t\t\t\t\t\t<p>Deux exp\u00e9riences en alternance qui m\u2019ont permis de d\u00e9velopper des comp\u00e9tences compl\u00e9mentaires en communication digitale et en communication interne.<\/p>\t\t\t\t\t\t\t\t<\/div>\n\t\t\t\t<\/div>\n\t\t\t\t<div class=\"elementor-element elementor-element-e1c1d6f elementor-widget elementor-widget-spacer\" data-id=\"e1c1d6f\" data-element_type=\"widget\" data-e-type=\"widget\" data-widget_type=\"spacer.default\">\n\t\t\t\t<div class=\"elementor-widget-container\">\n\t\t\t\t\t\t\t<div class=\"elementor-spacer\">\n\t\t\t<div class=\"elementor-spacer-inner\"><\/div>\n\t\t<\/div>\n\t\t\t\t\t\t<\/div>\n\t\t\t\t<\/div>\n\t\t\t\t\t<\/div>\n\t\t\t\t<\/div>\n\t\t<div class=\"elementor-element elementor-element-87153b6 e-con-full e-flex wpr-particle-no wpr-jarallax-no wpr-parallax-no wpr-sticky-section-no elementor-invisible e-con e-parent\" data-id=\"87153b6\" data-element_type=\"container\" data-e-type=\"container\" data-settings=\"{&quot;animation&quot;:&quot;slideInRight&quot;}\">\n\t\t<div class=\"elementor-element elementor-element-dac0d71 e-con-full e-flex wpr-particle-no wpr-jarallax-no wpr-parallax-no wpr-sticky-section-no e-con e-child\" data-id=\"dac0d71\" data-element_type=\"container\" data-e-type=\"container\">\n\t\t\t\t<div class=\"elementor-element elementor-element-7e25404 elementor-widget__width-initial elementor-widget elementor-widget-image\" data-id=\"7e25404\" data-element_type=\"widget\" data-e-type=\"widget\" data-widget_type=\"image.default\">\n\t\t\t\t<div class=\"elementor-widget-container\">\n\t\t\t\t\t\t\t\t\t\t\t\t\t\t\t<img fetchpriority=\"high\" decoding=\"async\" width=\"768\" height=\"576\" src=\"https:\/\/www.charlotte-cseke.fr\/wp-content\/uploads\/2026\/01\/CPAM.jpg\" class=\"attachment-medium_large size-medium_large wp-image-2517\" alt=\"\" srcset=\"https:\/\/www.charlotte-cseke.fr\/wp-content\/uploads\/2026\/01\/CPAM.jpg 1360w, https:\/\/www.charlotte-cseke.fr\/wp-content\/uploads\/2026\/01\/CPAM-300x225.jpg 300w, https:\/\/www.charlotte-cseke.fr\/wp-content\/uploads\/2026\/01\/CPAM-1024x768.jpg 1024w\" sizes=\"100vw\" \/>\t\t\t\t\t\t\t\t\t\t\t\t\t\t\t<\/div>\n\t\t\t\t<\/div>\n\t\t\t\t<\/div>\n\t\t<div class=\"elementor-element elementor-element-ee53c29 e-con-full e-flex wpr-particle-no wpr-jarallax-no wpr-parallax-no wpr-sticky-section-no e-con e-child\" data-id=\"ee53c29\" data-element_type=\"container\" data-e-type=\"container\">\n\t\t\t\t<div class=\"elementor-element elementor-element-38cf035 elementor-widget elementor-widget-heading\" data-id=\"38cf035\" data-element_type=\"widget\" data-e-type=\"widget\" data-widget_type=\"heading.default\">\n\t\t\t\t<div class=\"elementor-widget-container\">\n\t\t\t\t\t<h2 class=\"elementor-heading-title elementor-size-default\">Charg\u00e9e de communication interne\n<\/h2>\t\t\t\t<\/div>\n\t\t\t\t<\/div>\n\t\t\t\t<div class=\"elementor-element elementor-element-181db52 elementor-widget elementor-widget-heading\" data-id=\"181db52\" data-element_type=\"widget\" data-e-type=\"widget\" data-widget_type=\"heading.default\">\n\t\t\t\t<div class=\"elementor-widget-container\">\n\t\t\t\t\t<h2 class=\"elementor-heading-title elementor-size-default\">CPAM de Sa\u00f4ne-et-Loire<\/h2>\t\t\t\t<\/div>\n\t\t\t\t<\/div>\n\t\t\t\t<div class=\"elementor-element elementor-element-3e8965d elementor-widget elementor-widget-heading\" data-id=\"3e8965d\" data-element_type=\"widget\" data-e-type=\"widget\" data-widget_type=\"heading.default\">\n\t\t\t\t<div class=\"elementor-widget-container\">\n\t\t\t\t\t<h2 class=\"elementor-heading-title elementor-size-default\">Ao\u00fbt 2025 \u2013 Ao\u00fbt 2026 \u00b7 M\u00e2con<\/h2>\t\t\t\t<\/div>\n\t\t\t\t<\/div>\n\t\t\t\t<div class=\"elementor-element elementor-element-5f1e24b elementor-widget elementor-widget-text-editor\" data-id=\"5f1e24b\" data-element_type=\"widget\" data-e-type=\"widget\" data-widget_type=\"text-editor.default\">\n\t\t\t\t<div class=\"elementor-widget-container\">\n\t\t\t\t\t\t\t\t\t<p class=\"cvGsUA direction-ltr align-justify para-style-body\">Communication interne \u00e0 l\u2019\u00e9chelle du d\u00e9partement : projets internes, campagnes de pr\u00e9vention, \u00e9v\u00e9nements et marque employeur.<\/p>\t\t\t\t\t\t\t\t<\/div>\n\t\t\t\t<\/div>\n\t\t\t\t<\/div>\n\t\t\t\t<\/div>\n\t\t<div class=\"elementor-element elementor-element-412dd42 e-con-full e-flex wpr-particle-no wpr-jarallax-no wpr-parallax-no wpr-sticky-section-no e-con e-parent\" data-id=\"412dd42\" data-element_type=\"container\" data-e-type=\"container\">\n\t\t<div class=\"elementor-element elementor-element-7ba9706 e-con-full e-flex wpr-particle-no wpr-jarallax-no wpr-parallax-no wpr-sticky-section-no e-con e-child\" data-id=\"7ba9706\" data-element_type=\"container\" data-e-type=\"container\">\n\t\t\t\t<div class=\"elementor-element elementor-element-e7e0c9b elementor-align-right elementor-widget-mobile__width-initial elementor-widget elementor-widget-button\" data-id=\"e7e0c9b\" data-element_type=\"widget\" data-e-type=\"widget\" data-widget_type=\"button.default\">\n\t\t\t\t<div class=\"elementor-widget-container\">\n\t\t\t\t\t\t\t\t\t<div class=\"elementor-button-wrapper\">\n\t\t\t\t\t<a class=\"elementor-button elementor-button-link elementor-size-sm elementor-animation-grow\" href=\"https:\/\/www.charlotte-cseke.fr\/index.php\/chargee-de-communication-interne\/\" target=\"_blank\">\n\t\t\t\t\t\t<span class=\"elementor-button-content-wrapper\">\n\t\t\t\t\t\t\t\t\t<span class=\"elementor-button-text\">Voir l\u2019alternance<\/span>\n\t\t\t\t\t<\/span>\n\t\t\t\t\t<\/a>\n\t\t\t\t<\/div>\n\t\t\t\t\t\t\t\t<\/div>\n\t\t\t\t<\/div>\n\t\t\t\t<\/div>\n\t\t\t\t<\/div>\n\t\t<div class=\"elementor-element elementor-element-a4c6498 e-flex e-con-boxed wpr-particle-no wpr-jarallax-no wpr-parallax-no wpr-sticky-section-no e-con e-parent\" data-id=\"a4c6498\" data-element_type=\"container\" data-e-type=\"container\" data-settings=\"{&quot;shape_divider_bottom&quot;:&quot;waves&quot;}\">\n\t\t\t\t\t<div class=\"e-con-inner\">\n\t\t\t\t<div class=\"elementor-shape elementor-shape-bottom\" aria-hidden=\"true\" data-negative=\"false\">\n\t\t\t<svg xmlns=\"http:\/\/www.w3.org\/2000\/svg\" viewBox=\"0 0 1000 100\" preserveAspectRatio=\"none\">\n\t<path class=\"elementor-shape-fill\" d=\"M421.9,6.5c22.6-2.5,51.5,0.4,75.5,5.3c23.6,4.9,70.9,23.5,100.5,35.7c75.8,32.2,133.7,44.5,192.6,49.7\n\tc23.6,2.1,48.7,3.5,103.4-2.5c54.7-6,106.2-25.6,106.2-25.6V0H0v30.3c0,0,72,32.6,158.4,30.5c39.2-0.7,92.8-6.7,134-22.4\n\tc21.2-8.1,52.2-18.2,79.7-24.2C399.3,7.9,411.6,7.5,421.9,6.5z\"\/>\n<\/svg>\t\t<\/div>\n\t\t\t\t<div class=\"elementor-element elementor-element-9398d1b elementor-widget elementor-widget-spacer\" data-id=\"9398d1b\" data-element_type=\"widget\" data-e-type=\"widget\" data-widget_type=\"spacer.default\">\n\t\t\t\t<div class=\"elementor-widget-container\">\n\t\t\t\t\t\t\t<div class=\"elementor-spacer\">\n\t\t\t<div class=\"elementor-spacer-inner\"><\/div>\n\t\t<\/div>\n\t\t\t\t\t\t<\/div>\n\t\t\t\t<\/div>\n\t\t\t\t\t<\/div>\n\t\t\t\t<\/div>\n\t\t<div class=\"elementor-element elementor-element-dbe5e1f e-con-full e-flex wpr-particle-no wpr-jarallax-no wpr-parallax-no wpr-sticky-section-no e-con e-parent\" data-id=\"dbe5e1f\" data-element_type=\"container\" data-e-type=\"container\" data-settings=\"{&quot;background_background&quot;:&quot;classic&quot;}\">\n\t\t<div class=\"elementor-element elementor-element-fcc0372 e-con-full e-flex wpr-particle-no wpr-jarallax-no wpr-parallax-no wpr-sticky-section-no elementor-invisible e-con e-child\" data-id=\"fcc0372\" data-element_type=\"container\" data-e-type=\"container\" data-settings=\"{&quot;animation&quot;:&quot;slideInLeft&quot;}\">\n\t\t\t\t<div class=\"elementor-element elementor-element-d9455df elementor-widget elementor-widget-heading\" data-id=\"d9455df\" data-element_type=\"widget\" data-e-type=\"widget\" data-widget_type=\"heading.default\">\n\t\t\t\t<div class=\"elementor-widget-container\">\n\t\t\t\t\t<h2 class=\"elementor-heading-title elementor-size-default\">Charg\u00e9e de communication digitale<\/h2>\t\t\t\t<\/div>\n\t\t\t\t<\/div>\n\t\t\t\t<div class=\"elementor-element elementor-element-7268412 elementor-widget elementor-widget-heading\" data-id=\"7268412\" data-element_type=\"widget\" data-e-type=\"widget\" data-widget_type=\"heading.default\">\n\t\t\t\t<div class=\"elementor-widget-container\">\n\t\t\t\t\t<h2 class=\"elementor-heading-title elementor-size-default\">Les Equipiers<\/h2>\t\t\t\t<\/div>\n\t\t\t\t<\/div>\n\t\t\t\t<div class=\"elementor-element elementor-element-6852569 elementor-widget elementor-widget-heading\" data-id=\"6852569\" data-element_type=\"widget\" data-e-type=\"widget\" data-widget_type=\"heading.default\">\n\t\t\t\t<div class=\"elementor-widget-container\">\n\t\t\t\t\t<h2 class=\"elementor-heading-title elementor-size-default\">Novembre 2024 - Ao\u00fbt 2025<\/h2>\t\t\t\t<\/div>\n\t\t\t\t<\/div>\n\t\t\t\t<div class=\"elementor-element elementor-element-e29452a elementor-widget__width-initial elementor-widget elementor-widget-text-editor\" data-id=\"e29452a\" data-element_type=\"widget\" data-e-type=\"widget\" data-widget_type=\"text-editor.default\">\n\t\t\t\t<div class=\"elementor-widget-container\">\n\t\t\t\t\t\t\t\t\t<p>Communication digitale et locale au sein d\u2019un magasin de cyclisme : r\u00e9seaux sociaux, cr\u00e9ation de contenus, site internet et actions \u00e9v\u00e9nementielles.<\/p>\t\t\t\t\t\t\t\t<\/div>\n\t\t\t\t<\/div>\n\t\t\t\t<\/div>\n\t\t<div class=\"elementor-element elementor-element-02b47d1 e-con-full e-flex wpr-particle-no wpr-jarallax-no wpr-parallax-no wpr-sticky-section-no elementor-invisible e-con e-child\" data-id=\"02b47d1\" data-element_type=\"container\" data-e-type=\"container\" data-settings=\"{&quot;animation&quot;:&quot;slideInLeft&quot;}\">\n\t\t\t\t<div class=\"elementor-element elementor-element-9d8644f elementor-widget__width-initial elementor-widget elementor-widget-image\" data-id=\"9d8644f\" data-element_type=\"widget\" data-e-type=\"widget\" data-widget_type=\"image.default\">\n\t\t\t\t<div class=\"elementor-widget-container\">\n\t\t\t\t\t\t\t\t\t\t\t\t\t\t\t<img decoding=\"async\" width=\"950\" height=\"713\" src=\"https:\/\/www.charlotte-cseke.fr\/wp-content\/uploads\/2026\/01\/LesEquipiers1-1024x768.jpg\" class=\"attachment-large size-large wp-image-2518\" alt=\"\" srcset=\"https:\/\/www.charlotte-cseke.fr\/wp-content\/uploads\/2026\/01\/LesEquipiers1-1024x768.jpg 1024w, https:\/\/www.charlotte-cseke.fr\/wp-content\/uploads\/2026\/01\/LesEquipiers1-300x225.jpg 300w, https:\/\/www.charlotte-cseke.fr\/wp-content\/uploads\/2026\/01\/LesEquipiers1.jpg 1360w\" sizes=\"100vw\" \/>\t\t\t\t\t\t\t\t\t\t\t\t\t\t\t<\/div>\n\t\t\t\t<\/div>\n\t\t\t\t<\/div>\n\t\t\t\t<\/div>\n\t\t<div class=\"elementor-element elementor-element-7600e87 e-flex e-con-boxed wpr-particle-no wpr-jarallax-no wpr-parallax-no wpr-sticky-section-no e-con e-parent\" data-id=\"7600e87\" data-element_type=\"container\" data-e-type=\"container\" data-settings=\"{&quot;shape_divider_top&quot;:&quot;waves&quot;}\">\n\t\t\t\t\t<div class=\"e-con-inner\">\n\t\t\t\t<div class=\"elementor-shape elementor-shape-top\" aria-hidden=\"true\" data-negative=\"false\">\n\t\t\t<svg xmlns=\"http:\/\/www.w3.org\/2000\/svg\" viewBox=\"0 0 1000 100\" preserveAspectRatio=\"none\">\n\t<path class=\"elementor-shape-fill\" d=\"M421.9,6.5c22.6-2.5,51.5,0.4,75.5,5.3c23.6,4.9,70.9,23.5,100.5,35.7c75.8,32.2,133.7,44.5,192.6,49.7\n\tc23.6,2.1,48.7,3.5,103.4-2.5c54.7-6,106.2-25.6,106.2-25.6V0H0v30.3c0,0,72,32.6,158.4,30.5c39.2-0.7,92.8-6.7,134-22.4\n\tc21.2-8.1,52.2-18.2,79.7-24.2C399.3,7.9,411.6,7.5,421.9,6.5z\"\/>\n<\/svg>\t\t<\/div>\n\t\t\t\t<div class=\"elementor-element elementor-element-6622918 elementor-widget elementor-widget-spacer\" data-id=\"6622918\" data-element_type=\"widget\" data-e-type=\"widget\" data-widget_type=\"spacer.default\">\n\t\t\t\t<div class=\"elementor-widget-container\">\n\t\t\t\t\t\t\t<div class=\"elementor-spacer\">\n\t\t\t<div class=\"elementor-spacer-inner\"><\/div>\n\t\t<\/div>\n\t\t\t\t\t\t<\/div>\n\t\t\t\t<\/div>\n\t\t\t\t\t<\/div>\n\t\t\t\t<\/div>\n\t\t<div class=\"elementor-element elementor-element-c9c169d e-flex e-con-boxed wpr-particle-no wpr-jarallax-no wpr-parallax-no wpr-sticky-section-no e-con e-parent\" data-id=\"c9c169d\" data-element_type=\"container\" data-e-type=\"container\">\n\t\t\t\t\t<div class=\"e-con-inner\">\n\t\t\t\t<div class=\"elementor-element elementor-element-b8b8766 elementor-align-center elementor-widget elementor-widget-button\" data-id=\"b8b8766\" data-element_type=\"widget\" data-e-type=\"widget\" data-widget_type=\"button.default\">\n\t\t\t\t<div class=\"elementor-widget-container\">\n\t\t\t\t\t\t\t\t\t<div class=\"elementor-button-wrapper\">\n\t\t\t\t\t<a class=\"elementor-button elementor-button-link elementor-size-sm elementor-animation-grow\" href=\"https:\/\/www.charlotte-cseke.fr\/index.php\/chargee-de-communication-digitale\/\" target=\"_blank\">\n\t\t\t\t\t\t<span class=\"elementor-button-content-wrapper\">\n\t\t\t\t\t\t\t\t\t<span class=\"elementor-button-text\">Voir l\u2019alternance<\/span>\n\t\t\t\t\t<\/span>\n\t\t\t\t\t<\/a>\n\t\t\t\t<\/div>\n\t\t\t\t\t\t\t\t<\/div>\n\t\t\t\t<\/div>\n\t\t\t\t<div class=\"elementor-element elementor-element-690c123 elementor-widget elementor-widget-spacer\" data-id=\"690c123\" data-element_type=\"widget\" data-e-type=\"widget\" data-widget_type=\"spacer.default\">\n\t\t\t\t<div class=\"elementor-widget-container\">\n\t\t\t\t\t\t\t<div class=\"elementor-spacer\">\n\t\t\t<div class=\"elementor-spacer-inner\"><\/div>\n\t\t<\/div>\n\t\t\t\t\t\t<\/div>\n\t\t\t\t<\/div>\n\t\t\t\t\t<\/div>\n\t\t\t\t<\/div>\n\t\t\t\t<\/div>\n\t\t","protected":false},"excerpt":{"rendered":"<p>ALTERNANCES Deux exp\u00e9riences en alternance qui m\u2019ont permis de d\u00e9velopper des comp\u00e9tences compl\u00e9mentaires en communication digitale et en communication interne. Charg\u00e9e de communication interne CPAM de Sa\u00f4ne-et-Loire Ao\u00fbt 2025 \u2013 Ao\u00fbt 2026 \u00b7 M\u00e2con Communication interne \u00e0 l\u2019\u00e9chelle du d\u00e9partement : projets internes, campagnes de pr\u00e9vention, \u00e9v\u00e9nements et marque employeur. Voir l\u2019alternance Charg\u00e9e de communication digitale Les Equipiers Novembre 2024 &#8211; Ao\u00fbt 2025 Communication digitale et locale au sein d\u2019un magasin de cyclisme : r\u00e9seaux sociaux, cr\u00e9ation de contenus, site internet et actions \u00e9v\u00e9nementielles. Voir l\u2019alternance<\/p>\n","protected":false},"author":1,"featured_media":0,"parent":0,"menu_order":0,"comment_status":"closed","ping_status":"closed","template":"","meta":{"inline_featured_image":false,"inspiro_hide_title":false,"footnotes":""},"class_list":["post-2515","page","type-page","status-publish","hentry"],"yoast_head":"<!-- This site is optimized with the Yoast SEO plugin v27.3 - https:\/\/yoast.com\/product\/yoast-seo-wordpress\/ -->\n<title>Alternances - Portfolio Charlotte Cseke<\/title>\n<meta name=\"robots\" content=\"index, follow, max-snippet:-1, max-image-preview:large, max-video-preview:-1\" \/>\n<link rel=\"canonical\" href=\"https:\/\/www.charlotte-cseke.fr\/index.php\/alternance\/\" \/>\n<meta property=\"og:locale\" content=\"fr_FR\" \/>\n<meta property=\"og:type\" content=\"article\" \/>\n<meta property=\"og:title\" content=\"Alternances - Portfolio Charlotte Cseke\" \/>\n<meta property=\"og:description\" content=\"ALTERNANCES Deux exp\u00e9riences en alternance qui m\u2019ont permis de d\u00e9velopper des comp\u00e9tences compl\u00e9mentaires en communication digitale et en communication interne. Charg\u00e9e de communication interne CPAM de Sa\u00f4ne-et-Loire Ao\u00fbt 2025 \u2013 Ao\u00fbt 2026 \u00b7 M\u00e2con Communication interne \u00e0 l\u2019\u00e9chelle du d\u00e9partement : projets internes, campagnes de pr\u00e9vention, \u00e9v\u00e9nements et marque employeur. Voir l\u2019alternance Charg\u00e9e de communication digitale Les Equipiers Novembre 2024 &#8211; Ao\u00fbt 2025 Communication digitale et locale au sein d\u2019un magasin de cyclisme : r\u00e9seaux sociaux, cr\u00e9ation de contenus, site internet et actions \u00e9v\u00e9nementielles. Voir l\u2019alternance\" \/>\n<meta property=\"og:url\" content=\"https:\/\/www.charlotte-cseke.fr\/index.php\/alternance\/\" \/>\n<meta property=\"og:site_name\" content=\"Portfolio Charlotte Cseke\" \/>\n<meta property=\"article:modified_time\" content=\"2026-01-12T17:24:01+00:00\" \/>\n<meta property=\"og:image\" content=\"http:\/\/www.charlotte-cseke.fr\/wp-content\/uploads\/2026\/01\/CPAM.jpg\" \/>\n<meta name=\"twitter:card\" content=\"summary_large_image\" \/>\n<meta name=\"twitter:label1\" content=\"Dur\u00e9e de lecture estim\u00e9e\" \/>\n\t<meta name=\"twitter:data1\" content=\"1 minute\" \/>\n<script type=\"application\/ld+json\" class=\"yoast-schema-graph\">{\"@context\":\"https:\\\/\\\/schema.org\",\"@graph\":[{\"@type\":\"WebPage\",\"@id\":\"https:\\\/\\\/www.charlotte-cseke.fr\\\/index.php\\\/alternance\\\/\",\"url\":\"https:\\\/\\\/www.charlotte-cseke.fr\\\/index.php\\\/alternance\\\/\",\"name\":\"Alternances - Portfolio Charlotte Cseke\",\"isPartOf\":{\"@id\":\"https:\\\/\\\/www.charlotte-cseke.fr\\\/#website\"},\"primaryImageOfPage\":{\"@id\":\"https:\\\/\\\/www.charlotte-cseke.fr\\\/index.php\\\/alternance\\\/#primaryimage\"},\"image\":{\"@id\":\"https:\\\/\\\/www.charlotte-cseke.fr\\\/index.php\\\/alternance\\\/#primaryimage\"},\"thumbnailUrl\":\"http:\\\/\\\/www.charlotte-cseke.fr\\\/wp-content\\\/uploads\\\/2026\\\/01\\\/CPAM.jpg\",\"datePublished\":\"2026-01-12T17:21:05+00:00\",\"dateModified\":\"2026-01-12T17:24:01+00:00\",\"breadcrumb\":{\"@id\":\"https:\\\/\\\/www.charlotte-cseke.fr\\\/index.php\\\/alternance\\\/#breadcrumb\"},\"inLanguage\":\"fr-FR\",\"potentialAction\":[{\"@type\":\"ReadAction\",\"target\":[\"https:\\\/\\\/www.charlotte-cseke.fr\\\/index.php\\\/alternance\\\/\"]}]},{\"@type\":\"ImageObject\",\"inLanguage\":\"fr-FR\",\"@id\":\"https:\\\/\\\/www.charlotte-cseke.fr\\\/index.php\\\/alternance\\\/#primaryimage\",\"url\":\"http:\\\/\\\/www.charlotte-cseke.fr\\\/wp-content\\\/uploads\\\/2026\\\/01\\\/CPAM.jpg\",\"contentUrl\":\"http:\\\/\\\/www.charlotte-cseke.fr\\\/wp-content\\\/uploads\\\/2026\\\/01\\\/CPAM.jpg\"},{\"@type\":\"BreadcrumbList\",\"@id\":\"https:\\\/\\\/www.charlotte-cseke.fr\\\/index.php\\\/alternance\\\/#breadcrumb\",\"itemListElement\":[{\"@type\":\"ListItem\",\"position\":1,\"name\":\"Accueil\",\"item\":\"https:\\\/\\\/www.charlotte-cseke.fr\\\/\"},{\"@type\":\"ListItem\",\"position\":2,\"name\":\"Alternances\"}]},{\"@type\":\"WebSite\",\"@id\":\"https:\\\/\\\/www.charlotte-cseke.fr\\\/#website\",\"url\":\"https:\\\/\\\/www.charlotte-cseke.fr\\\/\",\"name\":\"Portfolio Charlotte Cseke\",\"description\":\"\",\"publisher\":{\"@id\":\"https:\\\/\\\/www.charlotte-cseke.fr\\\/#organization\"},\"potentialAction\":[{\"@type\":\"SearchAction\",\"target\":{\"@type\":\"EntryPoint\",\"urlTemplate\":\"https:\\\/\\\/www.charlotte-cseke.fr\\\/?s={search_term_string}\"},\"query-input\":{\"@type\":\"PropertyValueSpecification\",\"valueRequired\":true,\"valueName\":\"search_term_string\"}}],\"inLanguage\":\"fr-FR\"},{\"@type\":\"Organization\",\"@id\":\"https:\\\/\\\/www.charlotte-cseke.fr\\\/#organization\",\"name\":\"Charlotte Cseke Portfolio\",\"url\":\"https:\\\/\\\/www.charlotte-cseke.fr\\\/\",\"logo\":{\"@type\":\"ImageObject\",\"inLanguage\":\"fr-FR\",\"@id\":\"https:\\\/\\\/www.charlotte-cseke.fr\\\/#\\\/schema\\\/logo\\\/image\\\/\",\"url\":\"https:\\\/\\\/www.charlotte-cseke.fr\\\/wp-content\\\/uploads\\\/2024\\\/10\\\/CHARTE-GRAPHIQUE-Portfolio-1400-x-500-mm-1-1-scaled.png\",\"contentUrl\":\"https:\\\/\\\/www.charlotte-cseke.fr\\\/wp-content\\\/uploads\\\/2024\\\/10\\\/CHARTE-GRAPHIQUE-Portfolio-1400-x-500-mm-1-1-scaled.png\",\"width\":2560,\"height\":980,\"caption\":\"Charlotte Cseke Portfolio\"},\"image\":{\"@id\":\"https:\\\/\\\/www.charlotte-cseke.fr\\\/#\\\/schema\\\/logo\\\/image\\\/\"}}]}<\/script>\n<!-- \/ Yoast SEO plugin. -->","yoast_head_json":{"title":"Alternances - Portfolio Charlotte Cseke","robots":{"index":"index","follow":"follow","max-snippet":"max-snippet:-1","max-image-preview":"max-image-preview:large","max-video-preview":"max-video-preview:-1"},"canonical":"https:\/\/www.charlotte-cseke.fr\/index.php\/alternance\/","og_locale":"fr_FR","og_type":"article","og_title":"Alternances - Portfolio Charlotte Cseke","og_description":"ALTERNANCES Deux exp\u00e9riences en alternance qui m\u2019ont permis de d\u00e9velopper des comp\u00e9tences compl\u00e9mentaires en communication digitale et en communication interne. Charg\u00e9e de communication interne CPAM de Sa\u00f4ne-et-Loire Ao\u00fbt 2025 \u2013 Ao\u00fbt 2026 \u00b7 M\u00e2con Communication interne \u00e0 l\u2019\u00e9chelle du d\u00e9partement : projets internes, campagnes de pr\u00e9vention, \u00e9v\u00e9nements et marque employeur. Voir l\u2019alternance Charg\u00e9e de communication digitale Les Equipiers Novembre 2024 &#8211; Ao\u00fbt 2025 Communication digitale et locale au sein d\u2019un magasin de cyclisme : r\u00e9seaux sociaux, cr\u00e9ation de contenus, site internet et actions \u00e9v\u00e9nementielles. Voir l\u2019alternance","og_url":"https:\/\/www.charlotte-cseke.fr\/index.php\/alternance\/","og_site_name":"Portfolio Charlotte Cseke","article_modified_time":"2026-01-12T17:24:01+00:00","og_image":[{"url":"http:\/\/www.charlotte-cseke.fr\/wp-content\/uploads\/2026\/01\/CPAM.jpg","type":"","width":"","height":""}],"twitter_card":"summary_large_image","twitter_misc":{"Dur\u00e9e de lecture estim\u00e9e":"1 minute"},"schema":{"@context":"https:\/\/schema.org","@graph":[{"@type":"WebPage","@id":"https:\/\/www.charlotte-cseke.fr\/index.php\/alternance\/","url":"https:\/\/www.charlotte-cseke.fr\/index.php\/alternance\/","name":"Alternances - Portfolio Charlotte Cseke","isPartOf":{"@id":"https:\/\/www.charlotte-cseke.fr\/#website"},"primaryImageOfPage":{"@id":"https:\/\/www.charlotte-cseke.fr\/index.php\/alternance\/#primaryimage"},"image":{"@id":"https:\/\/www.charlotte-cseke.fr\/index.php\/alternance\/#primaryimage"},"thumbnailUrl":"http:\/\/www.charlotte-cseke.fr\/wp-content\/uploads\/2026\/01\/CPAM.jpg","datePublished":"2026-01-12T17:21:05+00:00","dateModified":"2026-01-12T17:24:01+00:00","breadcrumb":{"@id":"https:\/\/www.charlotte-cseke.fr\/index.php\/alternance\/#breadcrumb"},"inLanguage":"fr-FR","potentialAction":[{"@type":"ReadAction","target":["https:\/\/www.charlotte-cseke.fr\/index.php\/alternance\/"]}]},{"@type":"ImageObject","inLanguage":"fr-FR","@id":"https:\/\/www.charlotte-cseke.fr\/index.php\/alternance\/#primaryimage","url":"http:\/\/www.charlotte-cseke.fr\/wp-content\/uploads\/2026\/01\/CPAM.jpg","contentUrl":"http:\/\/www.charlotte-cseke.fr\/wp-content\/uploads\/2026\/01\/CPAM.jpg"},{"@type":"BreadcrumbList","@id":"https:\/\/www.charlotte-cseke.fr\/index.php\/alternance\/#breadcrumb","itemListElement":[{"@type":"ListItem","position":1,"name":"Accueil","item":"https:\/\/www.charlotte-cseke.fr\/"},{"@type":"ListItem","position":2,"name":"Alternances"}]},{"@type":"WebSite","@id":"https:\/\/www.charlotte-cseke.fr\/#website","url":"https:\/\/www.charlotte-cseke.fr\/","name":"Portfolio Charlotte Cseke","description":"","publisher":{"@id":"https:\/\/www.charlotte-cseke.fr\/#organization"},"potentialAction":[{"@type":"SearchAction","target":{"@type":"EntryPoint","urlTemplate":"https:\/\/www.charlotte-cseke.fr\/?s={search_term_string}"},"query-input":{"@type":"PropertyValueSpecification","valueRequired":true,"valueName":"search_term_string"}}],"inLanguage":"fr-FR"},{"@type":"Organization","@id":"https:\/\/www.charlotte-cseke.fr\/#organization","name":"Charlotte Cseke Portfolio","url":"https:\/\/www.charlotte-cseke.fr\/","logo":{"@type":"ImageObject","inLanguage":"fr-FR","@id":"https:\/\/www.charlotte-cseke.fr\/#\/schema\/logo\/image\/","url":"https:\/\/www.charlotte-cseke.fr\/wp-content\/uploads\/2024\/10\/CHARTE-GRAPHIQUE-Portfolio-1400-x-500-mm-1-1-scaled.png","contentUrl":"https:\/\/www.charlotte-cseke.fr\/wp-content\/uploads\/2024\/10\/CHARTE-GRAPHIQUE-Portfolio-1400-x-500-mm-1-1-scaled.png","width":2560,"height":980,"caption":"Charlotte Cseke Portfolio"},"image":{"@id":"https:\/\/www.charlotte-cseke.fr\/#\/schema\/logo\/image\/"}}]}},"_links":{"self":[{"href":"https:\/\/www.charlotte-cseke.fr\/index.php\/wp-json\/wp\/v2\/pages\/2515","targetHints":{"allow":["GET"]}}],"collection":[{"href":"https:\/\/www.charlotte-cseke.fr\/index.php\/wp-json\/wp\/v2\/pages"}],"about":[{"href":"https:\/\/www.charlotte-cseke.fr\/index.php\/wp-json\/wp\/v2\/types\/page"}],"author":[{"embeddable":true,"href":"https:\/\/www.charlotte-cseke.fr\/index.php\/wp-json\/wp\/v2\/users\/1"}],"replies":[{"embeddable":true,"href":"https:\/\/www.charlotte-cseke.fr\/index.php\/wp-json\/wp\/v2\/comments?post=2515"}],"version-history":[{"count":7,"href":"https:\/\/www.charlotte-cseke.fr\/index.php\/wp-json\/wp\/v2\/pages\/2515\/revisions"}],"predecessor-version":[{"id":2526,"href":"https:\/\/www.charlotte-cseke.fr\/index.php\/wp-json\/wp\/v2\/pages\/2515\/revisions\/2526"}],"wp:attachment":[{"href":"https:\/\/www.charlotte-cseke.fr\/index.php\/wp-json\/wp\/v2\/media?parent=2515"}],"curies":[{"name":"wp","href":"https:\/\/api.w.org\/{rel}","templated":true}]}}