{"id":193,"date":"2024-11-18T14:58:41","date_gmt":"2024-11-18T13:58:41","guid":{"rendered":"https:\/\/www.charlotte-cseke.fr\/?page_id=193"},"modified":"2026-03-23T14:25:21","modified_gmt":"2026-03-23T13:25:21","slug":"accueil","status":"publish","type":"page","link":"https:\/\/www.charlotte-cseke.fr\/","title":{"rendered":"ACCUEIL"},"content":{"rendered":"\t\t<div data-elementor-type=\"wp-page\" data-elementor-id=\"193\" class=\"elementor elementor-193\">\n\t\t\t\t<div class=\"elementor-element elementor-element-2701f80 e-flex e-con-boxed wpr-particle-no wpr-jarallax-no wpr-parallax-no wpr-sticky-section-no e-con e-parent\" data-id=\"2701f80\" data-element_type=\"container\" data-e-type=\"container\">\n\t\t\t\t\t<div class=\"e-con-inner\">\n\t\t\t\t<div class=\"elementor-element elementor-element-531689c elementor-widget elementor-widget-image\" data-id=\"531689c\" data-element_type=\"widget\" data-e-type=\"widget\" data-widget_type=\"image.default\">\n\t\t\t\t<div class=\"elementor-widget-container\">\n\t\t\t\t\t\t\t\t\t\t\t\t\t\t\t<img fetchpriority=\"high\" decoding=\"async\" width=\"1536\" height=\"525\" src=\"https:\/\/www.charlotte-cseke.fr\/wp-content\/uploads\/2025\/04\/CHARTE-GRAPHIQUE-Portfolio-1400-x-500-mm-1-1-scaled-e1745588894222-1536x525.png\" class=\"attachment-1536x1536 size-1536x1536 wp-image-1822\" alt=\"\" srcset=\"https:\/\/www.charlotte-cseke.fr\/wp-content\/uploads\/2025\/04\/CHARTE-GRAPHIQUE-Portfolio-1400-x-500-mm-1-1-scaled-e1745588894222-1536x525.png 1536w, https:\/\/www.charlotte-cseke.fr\/wp-content\/uploads\/2025\/04\/CHARTE-GRAPHIQUE-Portfolio-1400-x-500-mm-1-1-scaled-e1745588894222-300x103.png 300w, https:\/\/www.charlotte-cseke.fr\/wp-content\/uploads\/2025\/04\/CHARTE-GRAPHIQUE-Portfolio-1400-x-500-mm-1-1-scaled-e1745588894222-1024x350.png 1024w, https:\/\/www.charlotte-cseke.fr\/wp-content\/uploads\/2025\/04\/CHARTE-GRAPHIQUE-Portfolio-1400-x-500-mm-1-1-scaled-e1745588894222-2000x684.png 2000w, https:\/\/www.charlotte-cseke.fr\/wp-content\/uploads\/2025\/04\/CHARTE-GRAPHIQUE-Portfolio-1400-x-500-mm-1-1-scaled-e1745588894222-2048x700.png 2048w, https:\/\/www.charlotte-cseke.fr\/wp-content\/uploads\/2025\/04\/CHARTE-GRAPHIQUE-Portfolio-1400-x-500-mm-1-1-scaled-e1745588894222-768x263.png 768w\" sizes=\"100vw\" \/>\t\t\t\t\t\t\t\t\t\t\t\t\t\t\t<\/div>\n\t\t\t\t<\/div>\n\t\t\t\t\t<\/div>\n\t\t\t\t<\/div>\n\t\t<div class=\"elementor-element elementor-element-16616fb e-con-full e-flex wpr-particle-no wpr-jarallax-no wpr-parallax-no wpr-sticky-section-no e-con e-parent\" data-id=\"16616fb\" data-element_type=\"container\" data-e-type=\"container\">\n\t\t\t\t<div class=\"elementor-element elementor-element-b456860 elementor-align-justify elementor-widget__width-initial elementor-widget-tablet__width-initial elementor-widget-mobile__width-initial elementor-widget elementor-widget-button\" data-id=\"b456860\" data-element_type=\"widget\" data-e-type=\"widget\" data-widget_type=\"button.default\">\n\t\t\t\t<div class=\"elementor-widget-container\">\n\t\t\t\t\t\t\t\t\t<div class=\"elementor-button-wrapper\">\n\t\t\t\t\t<a class=\"elementor-button elementor-button-link elementor-size-sm elementor-animation-bounce-out\" href=\"https:\/\/www.charlotte-cseke.fr\/wp-content\/uploads\/2026\/03\/CV-de-Charlotte-CSEKE_.pdf\" target=\"_blank\">\n\t\t\t\t\t\t<span class=\"elementor-button-content-wrapper\">\n\t\t\t\t\t\t\t\t\t<span class=\"elementor-button-text\">CV<\/span>\n\t\t\t\t\t<\/span>\n\t\t\t\t\t<\/a>\n\t\t\t\t<\/div>\n\t\t\t\t\t\t\t\t<\/div>\n\t\t\t\t<\/div>\n\t\t\t\t<div class=\"elementor-element elementor-element-85202eb elementor-widget-divider--view-line elementor-widget elementor-widget-divider\" data-id=\"85202eb\" data-element_type=\"widget\" data-e-type=\"widget\" data-widget_type=\"divider.default\">\n\t\t\t\t<div class=\"elementor-widget-container\">\n\t\t\t\t\t\t\t<div class=\"elementor-divider\">\n\t\t\t<span class=\"elementor-divider-separator\">\n\t\t\t\t\t\t<\/span>\n\t\t<\/div>\n\t\t\t\t\t\t<\/div>\n\t\t\t\t<\/div>\n\t\t\t\t<\/div>\n\t\t<div class=\"elementor-element elementor-element-8374000 e-con-full animated-slow e-flex wpr-particle-no wpr-jarallax-no wpr-parallax-no wpr-sticky-section-no elementor-invisible e-con e-parent\" data-id=\"8374000\" data-element_type=\"container\" data-e-type=\"container\" data-settings=\"{&quot;animation&quot;:&quot;fadeInUp&quot;}\">\n\t\t<div class=\"elementor-element elementor-element-c0e85b7 e-con-full e-flex wpr-particle-no wpr-jarallax-no wpr-parallax-no wpr-sticky-section-no e-con e-child\" data-id=\"c0e85b7\" data-element_type=\"container\" data-e-type=\"container\">\n\t\t\t\t<div class=\"elementor-element elementor-element-220db86 elementor-widget-mobile__width-initial elementor-widget__width-initial elementor-widget elementor-widget-text-editor\" data-id=\"220db86\" data-element_type=\"widget\" data-e-type=\"widget\" data-widget_type=\"text-editor.default\">\n\t\t\t\t<div class=\"elementor-widget-container\">\n\t\t\t\t\t\t\t\t\t<p>Hello, moi c&rsquo;est Charlotte et j&rsquo;ai 23 ans !<\/p><p>J&rsquo;ai d\u00e9cid\u00e9 de me r\u00e9orienter pour enfin trouver ma voie. Je suis actuellement \u00e9tudiante en troisi\u00e8me ann\u00e9e de BUT Information &#8211; Communication, parcours publicit\u00e9 \u00e0 l&rsquo;IUT de Besan\u00e7on &#8211; Vesoul.<\/p><p>Apr\u00e8s quelques exp\u00e9riences dans divers domaines, j&rsquo;ai d\u00e9couvert ma passion pour la communication. Je vous invite \u00e0 d\u00e9couvrir mon portfolio pour explorer mes projets et mon parcours.<\/p>\t\t\t\t\t\t\t\t<\/div>\n\t\t\t\t<\/div>\n\t\t\t\t<\/div>\n\t\t\t\t<\/div>\n\t\t<div class=\"elementor-element elementor-element-5f6f0f6 e-flex e-con-boxed wpr-particle-no wpr-jarallax-no wpr-parallax-no wpr-sticky-section-no e-con e-parent\" data-id=\"5f6f0f6\" data-element_type=\"container\" data-e-type=\"container\">\n\t\t\t\t\t<div class=\"e-con-inner\">\n\t\t\t\t<div class=\"elementor-element elementor-element-aadac7d elementor-widget elementor-widget-spacer\" data-id=\"aadac7d\" data-element_type=\"widget\" data-e-type=\"widget\" data-widget_type=\"spacer.default\">\n\t\t\t\t<div class=\"elementor-widget-container\">\n\t\t\t\t\t\t\t<div class=\"elementor-spacer\">\n\t\t\t<div class=\"elementor-spacer-inner\"><\/div>\n\t\t<\/div>\n\t\t\t\t\t\t<\/div>\n\t\t\t\t<\/div>\n\t\t\t\t\t<\/div>\n\t\t\t\t<\/div>\n\t\t<div class=\"elementor-element elementor-element-b60854c e-con-full e-flex wpr-particle-no wpr-jarallax-no wpr-parallax-no wpr-sticky-section-no e-con e-parent\" data-id=\"b60854c\" data-element_type=\"container\" data-e-type=\"container\" data-settings=\"{&quot;shape_divider_bottom&quot;:&quot;waves&quot;}\">\n\t\t\t\t<div class=\"elementor-shape elementor-shape-bottom\" aria-hidden=\"true\" data-negative=\"false\">\n\t\t\t<svg xmlns=\"http:\/\/www.w3.org\/2000\/svg\" viewBox=\"0 0 1000 100\" preserveAspectRatio=\"none\">\n\t<path class=\"elementor-shape-fill\" d=\"M421.9,6.5c22.6-2.5,51.5,0.4,75.5,5.3c23.6,4.9,70.9,23.5,100.5,35.7c75.8,32.2,133.7,44.5,192.6,49.7\n\tc23.6,2.1,48.7,3.5,103.4-2.5c54.7-6,106.2-25.6,106.2-25.6V0H0v30.3c0,0,72,32.6,158.4,30.5c39.2-0.7,92.8-6.7,134-22.4\n\tc21.2-8.1,52.2-18.2,79.7-24.2C399.3,7.9,411.6,7.5,421.9,6.5z\"\/>\n<\/svg>\t\t<\/div>\n\t\t\t\t<\/div>\n\t\t<div class=\"elementor-element elementor-element-939fb2c e-flex e-con-boxed wpr-particle-no wpr-jarallax-no wpr-parallax-no wpr-sticky-section-no e-con e-parent\" data-id=\"939fb2c\" data-element_type=\"container\" data-e-type=\"container\" data-settings=\"{&quot;background_background&quot;:&quot;classic&quot;}\">\n\t\t\t\t\t<div class=\"e-con-inner\">\n\t\t\t\t<div class=\"elementor-element elementor-element-f43f359 elementor-widget elementor-widget-spacer\" data-id=\"f43f359\" data-element_type=\"widget\" data-e-type=\"widget\" data-widget_type=\"spacer.default\">\n\t\t\t\t<div class=\"elementor-widget-container\">\n\t\t\t\t\t\t\t<div class=\"elementor-spacer\">\n\t\t\t<div class=\"elementor-spacer-inner\"><\/div>\n\t\t<\/div>\n\t\t\t\t\t\t<\/div>\n\t\t\t\t<\/div>\n\t\t\t\t<div class=\"elementor-element elementor-element-90c0634 elementor-widget-mobile__width-initial elementor-invisible elementor-widget elementor-widget-heading\" data-id=\"90c0634\" data-element_type=\"widget\" data-e-type=\"widget\" data-settings=\"{&quot;_animation&quot;:&quot;bounceInLeft&quot;}\" data-widget_type=\"heading.default\">\n\t\t\t\t<div class=\"elementor-widget-container\">\n\t\t\t\t\t<h1 class=\"elementor-heading-title elementor-size-default\">MES COMP\u00c9TENCES<\/h1>\t\t\t\t<\/div>\n\t\t\t\t<\/div>\n\t\t\t\t<div class=\"elementor-element elementor-element-1a0b6be elementor-widget__width-initial elementor-widget-mobile__width-initial elementor-invisible elementor-widget elementor-widget-image\" data-id=\"1a0b6be\" data-element_type=\"widget\" data-e-type=\"widget\" data-settings=\"{&quot;_animation&quot;:&quot;bounceInLeft&quot;}\" data-widget_type=\"image.default\">\n\t\t\t\t<div class=\"elementor-widget-container\">\n\t\t\t\t\t\t\t\t\t\t\t\t\t\t\t<img decoding=\"async\" width=\"1024\" height=\"408\" src=\"https:\/\/www.charlotte-cseke.fr\/wp-content\/uploads\/2024\/11\/competence-2.png\" class=\"attachment-large size-large wp-image-492\" alt=\"\" srcset=\"https:\/\/www.charlotte-cseke.fr\/wp-content\/uploads\/2024\/11\/competence-2.png 5291w, https:\/\/www.charlotte-cseke.fr\/wp-content\/uploads\/2024\/11\/competence-2-300x120.png 300w, https:\/\/www.charlotte-cseke.fr\/wp-content\/uploads\/2024\/11\/competence-2-1536x613.png 1536w, https:\/\/www.charlotte-cseke.fr\/wp-content\/uploads\/2024\/11\/competence-2-2048x817.png 2048w, https:\/\/www.charlotte-cseke.fr\/wp-content\/uploads\/2024\/11\/competence-2-2000x798.png 2000w\" sizes=\"100vw\" \/>\t\t\t\t\t\t\t\t\t\t\t\t\t\t\t<\/div>\n\t\t\t\t<\/div>\n\t\t\t\t<div class=\"elementor-element elementor-element-9b9126a elementor-widget elementor-widget-spacer\" data-id=\"9b9126a\" data-element_type=\"widget\" data-e-type=\"widget\" data-widget_type=\"spacer.default\">\n\t\t\t\t<div class=\"elementor-widget-container\">\n\t\t\t\t\t\t\t<div class=\"elementor-spacer\">\n\t\t\t<div class=\"elementor-spacer-inner\"><\/div>\n\t\t<\/div>\n\t\t\t\t\t\t<\/div>\n\t\t\t\t<\/div>\n\t\t\t\t\t<\/div>\n\t\t\t\t<\/div>\n\t\t<div class=\"elementor-element elementor-element-660f1f1 e-flex e-con-boxed wpr-particle-no wpr-jarallax-no wpr-parallax-no wpr-sticky-section-no e-con e-parent\" data-id=\"660f1f1\" data-element_type=\"container\" data-e-type=\"container\" data-settings=\"{&quot;shape_divider_top&quot;:&quot;waves&quot;}\">\n\t\t\t\t\t<div class=\"e-con-inner\">\n\t\t\t\t<div class=\"elementor-shape elementor-shape-top\" aria-hidden=\"true\" data-negative=\"false\">\n\t\t\t<svg xmlns=\"http:\/\/www.w3.org\/2000\/svg\" viewBox=\"0 0 1000 100\" preserveAspectRatio=\"none\">\n\t<path class=\"elementor-shape-fill\" d=\"M421.9,6.5c22.6-2.5,51.5,0.4,75.5,5.3c23.6,4.9,70.9,23.5,100.5,35.7c75.8,32.2,133.7,44.5,192.6,49.7\n\tc23.6,2.1,48.7,3.5,103.4-2.5c54.7-6,106.2-25.6,106.2-25.6V0H0v30.3c0,0,72,32.6,158.4,30.5c39.2-0.7,92.8-6.7,134-22.4\n\tc21.2-8.1,52.2-18.2,79.7-24.2C399.3,7.9,411.6,7.5,421.9,6.5z\"\/>\n<\/svg>\t\t<\/div>\n\t\t\t\t\t<\/div>\n\t\t\t\t<\/div>\n\t\t<div class=\"elementor-element elementor-element-431a087 e-flex e-con-boxed wpr-particle-no wpr-jarallax-no wpr-parallax-no wpr-sticky-section-no e-con e-parent\" data-id=\"431a087\" data-element_type=\"container\" data-e-type=\"container\">\n\t\t\t\t\t<div class=\"e-con-inner\">\n\t\t\t\t<div class=\"elementor-element elementor-element-0c40629 elementor-widget elementor-widget-spacer\" data-id=\"0c40629\" data-element_type=\"widget\" data-e-type=\"widget\" data-widget_type=\"spacer.default\">\n\t\t\t\t<div class=\"elementor-widget-container\">\n\t\t\t\t\t\t\t<div class=\"elementor-spacer\">\n\t\t\t<div class=\"elementor-spacer-inner\"><\/div>\n\t\t<\/div>\n\t\t\t\t\t\t<\/div>\n\t\t\t\t<\/div>\n\t\t\t\t\t<\/div>\n\t\t\t\t<\/div>\n\t\t<div class=\"elementor-element elementor-element-de83f60 e-flex e-con-boxed wpr-particle-no wpr-jarallax-no wpr-parallax-no wpr-sticky-section-no e-con e-parent\" data-id=\"de83f60\" data-element_type=\"container\" data-e-type=\"container\">\n\t\t\t\t\t<div class=\"e-con-inner\">\n\t\t\t\t<div class=\"elementor-element elementor-element-e42f96d elementor-widget elementor-widget-heading\" data-id=\"e42f96d\" data-element_type=\"widget\" data-e-type=\"widget\" data-widget_type=\"heading.default\">\n\t\t\t\t<div class=\"elementor-widget-container\">\n\t\t\t\t\t<h2 class=\"elementor-heading-title elementor-size-default\">PR\u00caT \u00c0 EN D\u00c9COUVRIR PLUS ?<\/h2>\t\t\t\t<\/div>\n\t\t\t\t<\/div>\n\t\t\t\t\t<\/div>\n\t\t\t\t<\/div>\n\t\t<div class=\"elementor-element elementor-element-a2647d6 e-flex e-con-boxed wpr-particle-no wpr-jarallax-no wpr-parallax-no wpr-sticky-section-no e-con e-parent\" data-id=\"a2647d6\" data-element_type=\"container\" data-e-type=\"container\">\n\t\t\t\t\t<div class=\"e-con-inner\">\n\t\t\t\t<div class=\"elementor-element elementor-element-11f6cf0 elementor-widget__width-initial elementor-widget-tablet__width-initial elementor-widget-mobile__width-initial elementor-widget elementor-widget-text-editor\" data-id=\"11f6cf0\" data-element_type=\"widget\" data-e-type=\"widget\" data-widget_type=\"text-editor.default\">\n\t\t\t\t<div class=\"elementor-widget-container\">\n\t\t\t\t\t\t\t\t\t<p><span class=\"OYPEnA font-feature-liga-off font-feature-clig-off font-feature-calt-off text-decoration-none text-strikethrough-none\">Mon parcours et mes projets ne font que commencer. Si vous souhaitez explorer mes r\u00e9alisations, en savoir plus sur mes exp\u00e9riences ou me contacter, je vous invite \u00e0 plonger dans mon univers !<\/span><\/p>\t\t\t\t\t\t\t\t<\/div>\n\t\t\t\t<\/div>\n\t\t\t\t\t<\/div>\n\t\t\t\t<\/div>\n\t\t<div class=\"elementor-element elementor-element-61fb25d e-flex e-con-boxed wpr-particle-no wpr-jarallax-no wpr-parallax-no wpr-sticky-section-no e-con e-parent\" data-id=\"61fb25d\" data-element_type=\"container\" data-e-type=\"container\">\n\t\t\t\t\t<div class=\"e-con-inner\">\n\t\t\t\t<div class=\"elementor-element elementor-element-1df7556 elementor-widget elementor-widget-spacer\" data-id=\"1df7556\" data-element_type=\"widget\" data-e-type=\"widget\" data-widget_type=\"spacer.default\">\n\t\t\t\t<div class=\"elementor-widget-container\">\n\t\t\t\t\t\t\t<div class=\"elementor-spacer\">\n\t\t\t<div class=\"elementor-spacer-inner\"><\/div>\n\t\t<\/div>\n\t\t\t\t\t\t<\/div>\n\t\t\t\t<\/div>\n\t\t\t\t\t<\/div>\n\t\t\t\t<\/div>\n\t\t\t\t<\/div>\n\t\t","protected":false},"excerpt":{"rendered":"<p>CV Hello, moi c&rsquo;est Charlotte et j&rsquo;ai 23 ans ! J&rsquo;ai d\u00e9cid\u00e9 de me r\u00e9orienter pour enfin trouver ma voie. Je suis actuellement \u00e9tudiante en troisi\u00e8me ann\u00e9e de BUT Information &#8211; Communication, parcours publicit\u00e9 \u00e0 l&rsquo;IUT de Besan\u00e7on &#8211; Vesoul. Apr\u00e8s quelques exp\u00e9riences dans divers domaines, j&rsquo;ai d\u00e9couvert ma passion pour la communication. Je vous invite \u00e0 d\u00e9couvrir mon portfolio pour explorer mes projets et mon parcours. MES COMP\u00c9TENCES PR\u00caT \u00c0 EN D\u00c9COUVRIR PLUS ? Mon parcours et mes projets ne font que commencer. Si vous souhaitez explorer mes r\u00e9alisations, en savoir plus sur mes exp\u00e9riences ou me contacter, je vous invite \u00e0 plonger dans mon univers !<\/p>\n","protected":false},"author":1,"featured_media":0,"parent":0,"menu_order":0,"comment_status":"closed","ping_status":"closed","template":"","meta":{"inline_featured_image":false,"inspiro_hide_title":false,"footnotes":""},"class_list":["post-193","page","type-page","status-publish","hentry"],"yoast_head":"<!-- This site is optimized with the Yoast SEO plugin v27.3 - https:\/\/yoast.com\/product\/yoast-seo-wordpress\/ -->\n<title>ACCUEIL - Portfolio Charlotte Cseke<\/title>\n<meta name=\"description\" content=\"Bienvenue dans mon portfolio, un espace d\u00e9di\u00e9 \u00e0 la d\u00e9couverte de mes projets, de mon exp\u00e9rience et des r\u00e9alisations qui refl\u00e8tent ma passion pour la communication et la cr\u00e9ativit\u00e9.\" \/>\n<meta name=\"robots\" content=\"index, follow, max-snippet:-1, max-image-preview:large, max-video-preview:-1\" \/>\n<link rel=\"canonical\" href=\"https:\/\/www.charlotte-cseke.fr\/\" \/>\n<meta property=\"og:locale\" content=\"fr_FR\" \/>\n<meta property=\"og:type\" content=\"article\" \/>\n<meta property=\"og:title\" content=\"ACCUEIL - Portfolio Charlotte Cseke\" \/>\n<meta property=\"og:description\" content=\"Bienvenue dans mon portfolio, un espace d\u00e9di\u00e9 \u00e0 la d\u00e9couverte de mes projets, de mon exp\u00e9rience et des r\u00e9alisations qui refl\u00e8tent ma passion pour la communication et la cr\u00e9ativit\u00e9.\" \/>\n<meta property=\"og:url\" content=\"https:\/\/www.charlotte-cseke.fr\/\" \/>\n<meta property=\"og:site_name\" content=\"Portfolio Charlotte Cseke\" \/>\n<meta property=\"article:modified_time\" content=\"2026-03-23T13:25:21+00:00\" \/>\n<meta property=\"og:image\" content=\"http:\/\/www.charlotte-cseke.fr\/wp-content\/uploads\/2025\/04\/CHARTE-GRAPHIQUE-Portfolio-1400-x-500-mm-1-1-scaled-e1745588894222-1536x525.png\" \/>\n<meta name=\"twitter:card\" content=\"summary_large_image\" \/>\n<meta name=\"twitter:label1\" content=\"Dur\u00e9e de lecture estim\u00e9e\" \/>\n\t<meta name=\"twitter:data1\" content=\"1 minute\" \/>\n<script type=\"application\/ld+json\" class=\"yoast-schema-graph\">{\"@context\":\"https:\\\/\\\/schema.org\",\"@graph\":[{\"@type\":\"WebPage\",\"@id\":\"https:\\\/\\\/www.charlotte-cseke.fr\\\/\",\"url\":\"https:\\\/\\\/www.charlotte-cseke.fr\\\/\",\"name\":\"ACCUEIL - Portfolio Charlotte Cseke\",\"isPartOf\":{\"@id\":\"https:\\\/\\\/www.charlotte-cseke.fr\\\/#website\"},\"primaryImageOfPage\":{\"@id\":\"https:\\\/\\\/www.charlotte-cseke.fr\\\/#primaryimage\"},\"image\":{\"@id\":\"https:\\\/\\\/www.charlotte-cseke.fr\\\/#primaryimage\"},\"thumbnailUrl\":\"http:\\\/\\\/www.charlotte-cseke.fr\\\/wp-content\\\/uploads\\\/2025\\\/04\\\/CHARTE-GRAPHIQUE-Portfolio-1400-x-500-mm-1-1-scaled-e1745588894222-1536x525.png\",\"datePublished\":\"2024-11-18T13:58:41+00:00\",\"dateModified\":\"2026-03-23T13:25:21+00:00\",\"description\":\"Bienvenue dans mon portfolio, un espace d\u00e9di\u00e9 \u00e0 la d\u00e9couverte de mes projets, de mon exp\u00e9rience et des r\u00e9alisations qui refl\u00e8tent ma passion pour la communication et la cr\u00e9ativit\u00e9.\",\"breadcrumb\":{\"@id\":\"https:\\\/\\\/www.charlotte-cseke.fr\\\/#breadcrumb\"},\"inLanguage\":\"fr-FR\",\"potentialAction\":[{\"@type\":\"ReadAction\",\"target\":[\"https:\\\/\\\/www.charlotte-cseke.fr\\\/\"]}]},{\"@type\":\"ImageObject\",\"inLanguage\":\"fr-FR\",\"@id\":\"https:\\\/\\\/www.charlotte-cseke.fr\\\/#primaryimage\",\"url\":\"https:\\\/\\\/www.charlotte-cseke.fr\\\/wp-content\\\/uploads\\\/2025\\\/04\\\/CHARTE-GRAPHIQUE-Portfolio-1400-x-500-mm-1-1-scaled-e1745588894222.png\",\"contentUrl\":\"https:\\\/\\\/www.charlotte-cseke.fr\\\/wp-content\\\/uploads\\\/2025\\\/04\\\/CHARTE-GRAPHIQUE-Portfolio-1400-x-500-mm-1-1-scaled-e1745588894222.png\",\"width\":2510,\"height\":858},{\"@type\":\"BreadcrumbList\",\"@id\":\"https:\\\/\\\/www.charlotte-cseke.fr\\\/#breadcrumb\",\"itemListElement\":[{\"@type\":\"ListItem\",\"position\":1,\"name\":\"Accueil\",\"item\":\"https:\\\/\\\/www.charlotte-cseke.fr\\\/\"},{\"@type\":\"ListItem\",\"position\":2,\"name\":\"ACCUEIL\"}]},{\"@type\":\"WebSite\",\"@id\":\"https:\\\/\\\/www.charlotte-cseke.fr\\\/#website\",\"url\":\"https:\\\/\\\/www.charlotte-cseke.fr\\\/\",\"name\":\"Portfolio Charlotte Cseke\",\"description\":\"\",\"publisher\":{\"@id\":\"https:\\\/\\\/www.charlotte-cseke.fr\\\/#organization\"},\"potentialAction\":[{\"@type\":\"SearchAction\",\"target\":{\"@type\":\"EntryPoint\",\"urlTemplate\":\"https:\\\/\\\/www.charlotte-cseke.fr\\\/?s={search_term_string}\"},\"query-input\":{\"@type\":\"PropertyValueSpecification\",\"valueRequired\":true,\"valueName\":\"search_term_string\"}}],\"inLanguage\":\"fr-FR\"},{\"@type\":\"Organization\",\"@id\":\"https:\\\/\\\/www.charlotte-cseke.fr\\\/#organization\",\"name\":\"Charlotte Cseke Portfolio\",\"url\":\"https:\\\/\\\/www.charlotte-cseke.fr\\\/\",\"logo\":{\"@type\":\"ImageObject\",\"inLanguage\":\"fr-FR\",\"@id\":\"https:\\\/\\\/www.charlotte-cseke.fr\\\/#\\\/schema\\\/logo\\\/image\\\/\",\"url\":\"https:\\\/\\\/www.charlotte-cseke.fr\\\/wp-content\\\/uploads\\\/2024\\\/10\\\/CHARTE-GRAPHIQUE-Portfolio-1400-x-500-mm-1-1-scaled.png\",\"contentUrl\":\"https:\\\/\\\/www.charlotte-cseke.fr\\\/wp-content\\\/uploads\\\/2024\\\/10\\\/CHARTE-GRAPHIQUE-Portfolio-1400-x-500-mm-1-1-scaled.png\",\"width\":2560,\"height\":980,\"caption\":\"Charlotte Cseke Portfolio\"},\"image\":{\"@id\":\"https:\\\/\\\/www.charlotte-cseke.fr\\\/#\\\/schema\\\/logo\\\/image\\\/\"}}]}<\/script>\n<!-- \/ Yoast SEO plugin. -->","yoast_head_json":{"title":"ACCUEIL - Portfolio Charlotte Cseke","description":"Bienvenue dans mon portfolio, un espace d\u00e9di\u00e9 \u00e0 la d\u00e9couverte de mes projets, de mon exp\u00e9rience et des r\u00e9alisations qui refl\u00e8tent ma passion pour la communication et la cr\u00e9ativit\u00e9.","robots":{"index":"index","follow":"follow","max-snippet":"max-snippet:-1","max-image-preview":"max-image-preview:large","max-video-preview":"max-video-preview:-1"},"canonical":"https:\/\/www.charlotte-cseke.fr\/","og_locale":"fr_FR","og_type":"article","og_title":"ACCUEIL - Portfolio Charlotte Cseke","og_description":"Bienvenue dans mon portfolio, un espace d\u00e9di\u00e9 \u00e0 la d\u00e9couverte de mes projets, de mon exp\u00e9rience et des r\u00e9alisations qui refl\u00e8tent ma passion pour la communication et la cr\u00e9ativit\u00e9.","og_url":"https:\/\/www.charlotte-cseke.fr\/","og_site_name":"Portfolio Charlotte Cseke","article_modified_time":"2026-03-23T13:25:21+00:00","og_image":[{"url":"http:\/\/www.charlotte-cseke.fr\/wp-content\/uploads\/2025\/04\/CHARTE-GRAPHIQUE-Portfolio-1400-x-500-mm-1-1-scaled-e1745588894222-1536x525.png","type":"","width":"","height":""}],"twitter_card":"summary_large_image","twitter_misc":{"Dur\u00e9e de lecture estim\u00e9e":"1 minute"},"schema":{"@context":"https:\/\/schema.org","@graph":[{"@type":"WebPage","@id":"https:\/\/www.charlotte-cseke.fr\/","url":"https:\/\/www.charlotte-cseke.fr\/","name":"ACCUEIL - Portfolio Charlotte Cseke","isPartOf":{"@id":"https:\/\/www.charlotte-cseke.fr\/#website"},"primaryImageOfPage":{"@id":"https:\/\/www.charlotte-cseke.fr\/#primaryimage"},"image":{"@id":"https:\/\/www.charlotte-cseke.fr\/#primaryimage"},"thumbnailUrl":"http:\/\/www.charlotte-cseke.fr\/wp-content\/uploads\/2025\/04\/CHARTE-GRAPHIQUE-Portfolio-1400-x-500-mm-1-1-scaled-e1745588894222-1536x525.png","datePublished":"2024-11-18T13:58:41+00:00","dateModified":"2026-03-23T13:25:21+00:00","description":"Bienvenue dans mon portfolio, un espace d\u00e9di\u00e9 \u00e0 la d\u00e9couverte de mes projets, de mon exp\u00e9rience et des r\u00e9alisations qui refl\u00e8tent ma passion pour la communication et la cr\u00e9ativit\u00e9.","breadcrumb":{"@id":"https:\/\/www.charlotte-cseke.fr\/#breadcrumb"},"inLanguage":"fr-FR","potentialAction":[{"@type":"ReadAction","target":["https:\/\/www.charlotte-cseke.fr\/"]}]},{"@type":"ImageObject","inLanguage":"fr-FR","@id":"https:\/\/www.charlotte-cseke.fr\/#primaryimage","url":"https:\/\/www.charlotte-cseke.fr\/wp-content\/uploads\/2025\/04\/CHARTE-GRAPHIQUE-Portfolio-1400-x-500-mm-1-1-scaled-e1745588894222.png","contentUrl":"https:\/\/www.charlotte-cseke.fr\/wp-content\/uploads\/2025\/04\/CHARTE-GRAPHIQUE-Portfolio-1400-x-500-mm-1-1-scaled-e1745588894222.png","width":2510,"height":858},{"@type":"BreadcrumbList","@id":"https:\/\/www.charlotte-cseke.fr\/#breadcrumb","itemListElement":[{"@type":"ListItem","position":1,"name":"Accueil","item":"https:\/\/www.charlotte-cseke.fr\/"},{"@type":"ListItem","position":2,"name":"ACCUEIL"}]},{"@type":"WebSite","@id":"https:\/\/www.charlotte-cseke.fr\/#website","url":"https:\/\/www.charlotte-cseke.fr\/","name":"Portfolio Charlotte Cseke","description":"","publisher":{"@id":"https:\/\/www.charlotte-cseke.fr\/#organization"},"potentialAction":[{"@type":"SearchAction","target":{"@type":"EntryPoint","urlTemplate":"https:\/\/www.charlotte-cseke.fr\/?s={search_term_string}"},"query-input":{"@type":"PropertyValueSpecification","valueRequired":true,"valueName":"search_term_string"}}],"inLanguage":"fr-FR"},{"@type":"Organization","@id":"https:\/\/www.charlotte-cseke.fr\/#organization","name":"Charlotte Cseke Portfolio","url":"https:\/\/www.charlotte-cseke.fr\/","logo":{"@type":"ImageObject","inLanguage":"fr-FR","@id":"https:\/\/www.charlotte-cseke.fr\/#\/schema\/logo\/image\/","url":"https:\/\/www.charlotte-cseke.fr\/wp-content\/uploads\/2024\/10\/CHARTE-GRAPHIQUE-Portfolio-1400-x-500-mm-1-1-scaled.png","contentUrl":"https:\/\/www.charlotte-cseke.fr\/wp-content\/uploads\/2024\/10\/CHARTE-GRAPHIQUE-Portfolio-1400-x-500-mm-1-1-scaled.png","width":2560,"height":980,"caption":"Charlotte Cseke Portfolio"},"image":{"@id":"https:\/\/www.charlotte-cseke.fr\/#\/schema\/logo\/image\/"}}]}},"_links":{"self":[{"href":"https:\/\/www.charlotte-cseke.fr\/index.php\/wp-json\/wp\/v2\/pages\/193","targetHints":{"allow":["GET"]}}],"collection":[{"href":"https:\/\/www.charlotte-cseke.fr\/index.php\/wp-json\/wp\/v2\/pages"}],"about":[{"href":"https:\/\/www.charlotte-cseke.fr\/index.php\/wp-json\/wp\/v2\/types\/page"}],"author":[{"embeddable":true,"href":"https:\/\/www.charlotte-cseke.fr\/index.php\/wp-json\/wp\/v2\/users\/1"}],"replies":[{"embeddable":true,"href":"https:\/\/www.charlotte-cseke.fr\/index.php\/wp-json\/wp\/v2\/comments?post=193"}],"version-history":[{"count":479,"href":"https:\/\/www.charlotte-cseke.fr\/index.php\/wp-json\/wp\/v2\/pages\/193\/revisions"}],"predecessor-version":[{"id":2702,"href":"https:\/\/www.charlotte-cseke.fr\/index.php\/wp-json\/wp\/v2\/pages\/193\/revisions\/2702"}],"wp:attachment":[{"href":"https:\/\/www.charlotte-cseke.fr\/index.php\/wp-json\/wp\/v2\/media?parent=193"}],"curies":[{"name":"wp","href":"https:\/\/api.w.org\/{rel}","templated":true}]}}