{"id":1807,"date":"2025-04-25T15:04:50","date_gmt":"2025-04-25T13:04:50","guid":{"rendered":"https:\/\/www.charlotte-cseke.fr\/?page_id=1807"},"modified":"2025-05-07T09:10:24","modified_gmt":"2025-05-07T07:10:24","slug":"photographie","status":"publish","type":"page","link":"https:\/\/www.charlotte-cseke.fr\/index.php\/photographie\/","title":{"rendered":"Photographie"},"content":{"rendered":"\t\t<div data-elementor-type=\"wp-page\" data-elementor-id=\"1807\" class=\"elementor elementor-1807\">\n\t\t\t\t<div class=\"elementor-element elementor-element-e179acf e-flex e-con-boxed wpr-particle-no wpr-jarallax-no wpr-parallax-no wpr-sticky-section-no e-con e-parent\" data-id=\"e179acf\" data-element_type=\"container\" data-e-type=\"container\">\n\t\t\t\t\t<div class=\"e-con-inner\">\n\t\t\t\t<div class=\"elementor-element elementor-element-70864a0 elementor-widget elementor-widget-heading\" data-id=\"70864a0\" data-element_type=\"widget\" data-e-type=\"widget\" data-widget_type=\"heading.default\">\n\t\t\t\t<div class=\"elementor-widget-container\">\n\t\t\t\t\t<h2 class=\"elementor-heading-title elementor-size-default\">PHOTOGRAPHIE<\/h2>\t\t\t\t<\/div>\n\t\t\t\t<\/div>\n\t\t\t\t<div class=\"elementor-element elementor-element-bf1b145 elementor-widget elementor-widget-spacer\" data-id=\"bf1b145\" data-element_type=\"widget\" data-e-type=\"widget\" data-widget_type=\"spacer.default\">\n\t\t\t\t<div class=\"elementor-widget-container\">\n\t\t\t\t\t\t\t<div class=\"elementor-spacer\">\n\t\t\t<div class=\"elementor-spacer-inner\"><\/div>\n\t\t<\/div>\n\t\t\t\t\t\t<\/div>\n\t\t\t\t<\/div>\n\t\t\t\t\t<\/div>\n\t\t\t\t<\/div>\n\t\t<div class=\"elementor-element elementor-element-e430a5d e-flex e-con-boxed wpr-particle-no wpr-jarallax-no wpr-parallax-no wpr-sticky-section-no e-con e-parent\" data-id=\"e430a5d\" data-element_type=\"container\" data-e-type=\"container\">\n\t\t\t\t\t<div class=\"e-con-inner\">\n\t\t<div class=\"elementor-element elementor-element-c1783e2 e-con-full e-flex wpr-particle-no wpr-jarallax-no wpr-parallax-no wpr-sticky-section-no e-con e-child\" data-id=\"c1783e2\" data-element_type=\"container\" data-e-type=\"container\">\n\t\t\t\t<div class=\"elementor-element elementor-element-1cd115b elementor-widget__width-initial elementor-widget elementor-widget-image\" data-id=\"1cd115b\" data-element_type=\"widget\" data-e-type=\"widget\" data-widget_type=\"image.default\">\n\t\t\t\t<div class=\"elementor-widget-container\">\n\t\t\t\t\t\t\t\t\t\t\t\t\t\t\t<img fetchpriority=\"high\" decoding=\"async\" width=\"547\" height=\"839\" src=\"https:\/\/www.charlotte-cseke.fr\/wp-content\/uploads\/2025\/04\/Capture-decran-2025-04-26-a-12.12.53.webp\" class=\"attachment-large size-large wp-image-1899\" alt=\"\" srcset=\"https:\/\/www.charlotte-cseke.fr\/wp-content\/uploads\/2025\/04\/Capture-decran-2025-04-26-a-12.12.53.webp 547w, https:\/\/www.charlotte-cseke.fr\/wp-content\/uploads\/2025\/04\/Capture-decran-2025-04-26-a-12.12.53-196x300.webp 196w\" sizes=\"100vw\" \/>\t\t\t\t\t\t\t\t\t\t\t\t\t\t\t<\/div>\n\t\t\t\t<\/div>\n\t\t\t\t<div class=\"elementor-element elementor-element-5332a02 elementor-widget elementor-widget-image\" data-id=\"5332a02\" data-element_type=\"widget\" data-e-type=\"widget\" data-widget_type=\"image.default\">\n\t\t\t\t<div class=\"elementor-widget-container\">\n\t\t\t\t\t\t\t\t\t\t\t\t\t\t\t<img decoding=\"async\" width=\"950\" height=\"629\" src=\"https:\/\/www.charlotte-cseke.fr\/wp-content\/uploads\/2025\/04\/Capture-decran-2025-04-26-a-12.13.46-1024x678.webp\" class=\"attachment-large size-large wp-image-1894\" alt=\"\" srcset=\"https:\/\/www.charlotte-cseke.fr\/wp-content\/uploads\/2025\/04\/Capture-decran-2025-04-26-a-12.13.46-1024x678.webp 1024w, https:\/\/www.charlotte-cseke.fr\/wp-content\/uploads\/2025\/04\/Capture-decran-2025-04-26-a-12.13.46-300x199.webp 300w, https:\/\/www.charlotte-cseke.fr\/wp-content\/uploads\/2025\/04\/Capture-decran-2025-04-26-a-12.13.46.webp 1264w\" sizes=\"100vw\" \/>\t\t\t\t\t\t\t\t\t\t\t\t\t\t\t<\/div>\n\t\t\t\t<\/div>\n\t\t\t\t<div class=\"elementor-element elementor-element-c49a56f elementor-widget elementor-widget-image\" data-id=\"c49a56f\" data-element_type=\"widget\" data-e-type=\"widget\" data-widget_type=\"image.default\">\n\t\t\t\t<div class=\"elementor-widget-container\">\n\t\t\t\t\t\t\t\t\t\t\t\t\t\t\t<img decoding=\"async\" width=\"582\" height=\"835\" src=\"https:\/\/www.charlotte-cseke.fr\/wp-content\/uploads\/2025\/04\/Capture-decran-2025-04-26-a-12.13.38.webp\" class=\"attachment-large size-large wp-image-1895\" alt=\"\" srcset=\"https:\/\/www.charlotte-cseke.fr\/wp-content\/uploads\/2025\/04\/Capture-decran-2025-04-26-a-12.13.38.webp 582w, https:\/\/www.charlotte-cseke.fr\/wp-content\/uploads\/2025\/04\/Capture-decran-2025-04-26-a-12.13.38-209x300.webp 209w\" sizes=\"100vw\" \/>\t\t\t\t\t\t\t\t\t\t\t\t\t\t\t<\/div>\n\t\t\t\t<\/div>\n\t\t\t\t<div class=\"elementor-element elementor-element-95e09fd elementor-widget elementor-widget-image\" data-id=\"95e09fd\" data-element_type=\"widget\" data-e-type=\"widget\" data-widget_type=\"image.default\">\n\t\t\t\t<div class=\"elementor-widget-container\">\n\t\t\t\t\t\t\t\t\t\t\t\t\t\t\t<img loading=\"lazy\" decoding=\"async\" width=\"950\" height=\"663\" src=\"https:\/\/www.charlotte-cseke.fr\/wp-content\/uploads\/2025\/04\/Capture-decran-2025-04-26-a-12.12.27-1024x715.webp\" class=\"attachment-large size-large wp-image-1901\" alt=\"\" srcset=\"https:\/\/www.charlotte-cseke.fr\/wp-content\/uploads\/2025\/04\/Capture-decran-2025-04-26-a-12.12.27-1024x715.webp 1024w, https:\/\/www.charlotte-cseke.fr\/wp-content\/uploads\/2025\/04\/Capture-decran-2025-04-26-a-12.12.27-300x209.webp 300w, https:\/\/www.charlotte-cseke.fr\/wp-content\/uploads\/2025\/04\/Capture-decran-2025-04-26-a-12.12.27.webp 1188w\" sizes=\"100vw\" \/>\t\t\t\t\t\t\t\t\t\t\t\t\t\t\t<\/div>\n\t\t\t\t<\/div>\n\t\t\t\t<\/div>\n\t\t<div class=\"elementor-element elementor-element-6fdd825 e-con-full e-flex wpr-particle-no wpr-jarallax-no wpr-parallax-no wpr-sticky-section-no e-con e-child\" data-id=\"6fdd825\" data-element_type=\"container\" data-e-type=\"container\">\n\t\t\t\t<div class=\"elementor-element elementor-element-1a5fdd0 elementor-widget elementor-widget-image\" data-id=\"1a5fdd0\" data-element_type=\"widget\" data-e-type=\"widget\" data-widget_type=\"image.default\">\n\t\t\t\t<div class=\"elementor-widget-container\">\n\t\t\t\t\t\t\t\t\t\t\t\t\t\t\t<img loading=\"lazy\" decoding=\"async\" width=\"663\" height=\"839\" src=\"https:\/\/www.charlotte-cseke.fr\/wp-content\/uploads\/2025\/04\/Capture-decran-2025-04-26-a-12.13.04.webp\" class=\"attachment-large size-large wp-image-1898\" alt=\"\" srcset=\"https:\/\/www.charlotte-cseke.fr\/wp-content\/uploads\/2025\/04\/Capture-decran-2025-04-26-a-12.13.04.webp 663w, https:\/\/www.charlotte-cseke.fr\/wp-content\/uploads\/2025\/04\/Capture-decran-2025-04-26-a-12.13.04-237x300.webp 237w\" sizes=\"100vw\" \/>\t\t\t\t\t\t\t\t\t\t\t\t\t\t\t<\/div>\n\t\t\t\t<\/div>\n\t\t\t\t<div class=\"elementor-element elementor-element-40373ed elementor-widget elementor-widget-image\" data-id=\"40373ed\" data-element_type=\"widget\" data-e-type=\"widget\" data-widget_type=\"image.default\">\n\t\t\t\t<div class=\"elementor-widget-container\">\n\t\t\t\t\t\t\t\t\t\t\t\t\t\t\t<img loading=\"lazy\" decoding=\"async\" width=\"950\" height=\"640\" src=\"https:\/\/www.charlotte-cseke.fr\/wp-content\/uploads\/2025\/04\/Capture-decran-2025-04-26-a-12.12.17-1024x690.webp\" class=\"attachment-large size-large wp-image-1902\" alt=\"\" srcset=\"https:\/\/www.charlotte-cseke.fr\/wp-content\/uploads\/2025\/04\/Capture-decran-2025-04-26-a-12.12.17-1024x690.webp 1024w, https:\/\/www.charlotte-cseke.fr\/wp-content\/uploads\/2025\/04\/Capture-decran-2025-04-26-a-12.12.17-300x202.webp 300w, https:\/\/www.charlotte-cseke.fr\/wp-content\/uploads\/2025\/04\/Capture-decran-2025-04-26-a-12.12.17.webp 1227w\" sizes=\"100vw\" \/>\t\t\t\t\t\t\t\t\t\t\t\t\t\t\t<\/div>\n\t\t\t\t<\/div>\n\t\t\t\t<div class=\"elementor-element elementor-element-637ee63 elementor-widget elementor-widget-image\" data-id=\"637ee63\" data-element_type=\"widget\" data-e-type=\"widget\" data-widget_type=\"image.default\">\n\t\t\t\t<div class=\"elementor-widget-container\">\n\t\t\t\t\t\t\t\t\t\t\t\t\t\t\t<img loading=\"lazy\" decoding=\"async\" width=\"552\" height=\"835\" src=\"https:\/\/www.charlotte-cseke.fr\/wp-content\/uploads\/2025\/04\/Capture-decran-2025-04-26-a-12.12.03.png\" class=\"attachment-large size-large wp-image-1903\" alt=\"\" srcset=\"https:\/\/www.charlotte-cseke.fr\/wp-content\/uploads\/2025\/04\/Capture-decran-2025-04-26-a-12.12.03.png 552w, https:\/\/www.charlotte-cseke.fr\/wp-content\/uploads\/2025\/04\/Capture-decran-2025-04-26-a-12.12.03-198x300.png 198w\" sizes=\"100vw\" \/>\t\t\t\t\t\t\t\t\t\t\t\t\t\t\t<\/div>\n\t\t\t\t<\/div>\n\t\t\t\t<div class=\"elementor-element elementor-element-b6e383b elementor-widget__width-initial elementor-widget elementor-widget-image\" data-id=\"b6e383b\" data-element_type=\"widget\" data-e-type=\"widget\" data-widget_type=\"image.default\">\n\t\t\t\t<div class=\"elementor-widget-container\">\n\t\t\t\t\t\t\t\t\t\t\t\t\t\t\t<img loading=\"lazy\" decoding=\"async\" width=\"506\" height=\"804\" src=\"https:\/\/www.charlotte-cseke.fr\/wp-content\/uploads\/2025\/04\/Capture-decran-2025-04-26-a-12.13.31.webp\" class=\"attachment-large size-large wp-image-1896\" alt=\"\" srcset=\"https:\/\/www.charlotte-cseke.fr\/wp-content\/uploads\/2025\/04\/Capture-decran-2025-04-26-a-12.13.31.webp 506w, https:\/\/www.charlotte-cseke.fr\/wp-content\/uploads\/2025\/04\/Capture-decran-2025-04-26-a-12.13.31-189x300.webp 189w\" sizes=\"100vw\" \/>\t\t\t\t\t\t\t\t\t\t\t\t\t\t\t<\/div>\n\t\t\t\t<\/div>\n\t\t\t\t<\/div>\n\t\t<div class=\"elementor-element elementor-element-301edb9 e-con-full e-flex wpr-particle-no wpr-jarallax-no wpr-parallax-no wpr-sticky-section-no e-con e-child\" data-id=\"301edb9\" data-element_type=\"container\" data-e-type=\"container\">\n\t\t\t\t<div class=\"elementor-element elementor-element-30e9338 elementor-widget__width-initial elementor-widget elementor-widget-image\" data-id=\"30e9338\" data-element_type=\"widget\" data-e-type=\"widget\" data-widget_type=\"image.default\">\n\t\t\t\t<div class=\"elementor-widget-container\">\n\t\t\t\t\t\t\t\t\t\t\t\t\t\t\t<img loading=\"lazy\" decoding=\"async\" width=\"551\" height=\"833\" src=\"https:\/\/www.charlotte-cseke.fr\/wp-content\/uploads\/2025\/04\/Capture-decran-2025-04-26-a-12.12.35.webp\" class=\"attachment-large size-large wp-image-1900\" alt=\"\" srcset=\"https:\/\/www.charlotte-cseke.fr\/wp-content\/uploads\/2025\/04\/Capture-decran-2025-04-26-a-12.12.35.webp 551w, https:\/\/www.charlotte-cseke.fr\/wp-content\/uploads\/2025\/04\/Capture-decran-2025-04-26-a-12.12.35-198x300.webp 198w\" sizes=\"100vw\" \/>\t\t\t\t\t\t\t\t\t\t\t\t\t\t\t<\/div>\n\t\t\t\t<\/div>\n\t\t\t\t<div class=\"elementor-element elementor-element-1a6d50a elementor-widget__width-initial elementor-widget elementor-widget-image\" data-id=\"1a6d50a\" data-element_type=\"widget\" data-e-type=\"widget\" data-widget_type=\"image.default\">\n\t\t\t\t<div class=\"elementor-widget-container\">\n\t\t\t\t\t\t\t\t\t\t\t\t\t\t\t<img loading=\"lazy\" decoding=\"async\" width=\"554\" height=\"836\" src=\"https:\/\/www.charlotte-cseke.fr\/wp-content\/uploads\/2025\/04\/Capture-decran-2025-04-26-a-12.13.21.webp\" class=\"attachment-large size-large wp-image-1897\" alt=\"\" srcset=\"https:\/\/www.charlotte-cseke.fr\/wp-content\/uploads\/2025\/04\/Capture-decran-2025-04-26-a-12.13.21.webp 554w, https:\/\/www.charlotte-cseke.fr\/wp-content\/uploads\/2025\/04\/Capture-decran-2025-04-26-a-12.13.21-199x300.webp 199w\" sizes=\"100vw\" \/>\t\t\t\t\t\t\t\t\t\t\t\t\t\t\t<\/div>\n\t\t\t\t<\/div>\n\t\t\t\t<div class=\"elementor-element elementor-element-0ece878 elementor-widget__width-initial elementor-widget elementor-widget-image\" data-id=\"0ece878\" data-element_type=\"widget\" data-e-type=\"widget\" data-widget_type=\"image.default\">\n\t\t\t\t<div class=\"elementor-widget-container\">\n\t\t\t\t\t\t\t\t\t\t\t\t\t\t\t<img loading=\"lazy\" decoding=\"async\" width=\"950\" height=\"638\" src=\"https:\/\/www.charlotte-cseke.fr\/wp-content\/uploads\/2025\/04\/Capture-decran-2025-04-26-a-12.13.53-1024x688.webp\" class=\"attachment-large size-large wp-image-1893\" alt=\"\" srcset=\"https:\/\/www.charlotte-cseke.fr\/wp-content\/uploads\/2025\/04\/Capture-decran-2025-04-26-a-12.13.53-1024x688.webp 1024w, https:\/\/www.charlotte-cseke.fr\/wp-content\/uploads\/2025\/04\/Capture-decran-2025-04-26-a-12.13.53-300x202.webp 300w, https:\/\/www.charlotte-cseke.fr\/wp-content\/uploads\/2025\/04\/Capture-decran-2025-04-26-a-12.13.53.webp 1238w\" sizes=\"100vw\" \/>\t\t\t\t\t\t\t\t\t\t\t\t\t\t\t<\/div>\n\t\t\t\t<\/div>\n\t\t\t\t<div class=\"elementor-element elementor-element-79118a8 elementor-widget elementor-widget-text-editor\" data-id=\"79118a8\" data-element_type=\"widget\" data-e-type=\"widget\" data-widget_type=\"text-editor.default\">\n\t\t\t\t<div class=\"elementor-widget-container\">\n\t\t\t\t\t\t\t\t\t<p class=\"\" data-start=\"163\" data-end=\"389\">Durant une semaine d\u00e9di\u00e9e \u00e0 la photographie, j&rsquo;ai travaill\u00e9 avec ma bin\u00f4me \u00c9milie Gouby sur un projet de portraits. Le but \u00e9tait de montrer notre personnalit\u00e9 \u00e0 travers des photos de nous et d\u2019objets qui nous repr\u00e9sentent.<\/p><p class=\"\" data-start=\"391\" data-end=\"635\">Ce projet nous a demand\u00e9 de r\u00e9fl\u00e9chir \u00e0 qui nous sommes et \u00e0 ce que nous voulions transmettre. Ce n\u2019\u00e9tait pas toujours simple de varier les expressions et les attitudes, car il faut bien se conna\u00eetre pour \u00eatre naturelle devant l\u2019appareil photo.<\/p><p class=\"\" data-start=\"637\" data-end=\"750\">Nous avons aussi test\u00e9 diff\u00e9rents endroits, diff\u00e9rentes lumi\u00e8res et plusieurs cadrages pour am\u00e9liorer nos photos.<\/p><p class=\"\" data-start=\"752\" data-end=\"848\">Cette exp\u00e9rience m\u2019a vraiment donn\u00e9 envie de faire plus de photographie dans ma vie personnelle.<\/p>\t\t\t\t\t\t\t\t<\/div>\n\t\t\t\t<\/div>\n\t\t\t\t<\/div>\n\t\t\t\t\t<\/div>\n\t\t\t\t<\/div>\n\t\t<div class=\"elementor-element elementor-element-5248d69 e-flex e-con-boxed wpr-particle-no wpr-jarallax-no wpr-parallax-no wpr-sticky-section-no e-con e-parent\" data-id=\"5248d69\" data-element_type=\"container\" data-e-type=\"container\">\n\t\t\t\t\t<div class=\"e-con-inner\">\n\t\t\t\t<div class=\"elementor-element elementor-element-7c6d7ed elementor-widget elementor-widget-spacer\" data-id=\"7c6d7ed\" data-element_type=\"widget\" data-e-type=\"widget\" data-widget_type=\"spacer.default\">\n\t\t\t\t<div class=\"elementor-widget-container\">\n\t\t\t\t\t\t\t<div class=\"elementor-spacer\">\n\t\t\t<div class=\"elementor-spacer-inner\"><\/div>\n\t\t<\/div>\n\t\t\t\t\t\t<\/div>\n\t\t\t\t<\/div>\n\t\t\t\t\t<\/div>\n\t\t\t\t<\/div>\n\t\t\t\t<\/div>\n\t\t","protected":false},"excerpt":{"rendered":"<p>PHOTOGRAPHIE Durant une semaine d\u00e9di\u00e9e \u00e0 la photographie, j&rsquo;ai travaill\u00e9 avec ma bin\u00f4me \u00c9milie Gouby sur un projet de portraits. Le but \u00e9tait de montrer notre personnalit\u00e9 \u00e0 travers des photos de nous et d\u2019objets qui nous repr\u00e9sentent. Ce projet nous a demand\u00e9 de r\u00e9fl\u00e9chir \u00e0 qui nous sommes et \u00e0 ce que nous voulions transmettre. Ce n\u2019\u00e9tait pas toujours simple de varier les expressions et les attitudes, car il faut bien se conna\u00eetre pour \u00eatre naturelle devant l\u2019appareil photo. Nous avons aussi test\u00e9 diff\u00e9rents endroits, diff\u00e9rentes lumi\u00e8res et plusieurs cadrages pour am\u00e9liorer nos photos. Cette exp\u00e9rience m\u2019a vraiment donn\u00e9 envie de faire plus de photographie dans ma vie personnelle.<\/p>\n","protected":false},"author":1,"featured_media":0,"parent":0,"menu_order":0,"comment_status":"closed","ping_status":"closed","template":"","meta":{"inline_featured_image":false,"inspiro_hide_title":false,"footnotes":""},"class_list":["post-1807","page","type-page","status-publish","hentry"],"yoast_head":"<!-- This site is optimized with the Yoast SEO plugin v27.3 - https:\/\/yoast.com\/product\/yoast-seo-wordpress\/ -->\n<title>Photographie - Portfolio Charlotte Cseke<\/title>\n<meta name=\"robots\" content=\"index, follow, max-snippet:-1, max-image-preview:large, max-video-preview:-1\" \/>\n<link rel=\"canonical\" href=\"https:\/\/www.charlotte-cseke.fr\/index.php\/photographie\/\" \/>\n<meta property=\"og:locale\" content=\"fr_FR\" \/>\n<meta property=\"og:type\" content=\"article\" \/>\n<meta property=\"og:title\" content=\"Photographie - Portfolio Charlotte Cseke\" \/>\n<meta property=\"og:description\" content=\"PHOTOGRAPHIE Durant une semaine d\u00e9di\u00e9e \u00e0 la photographie, j&rsquo;ai travaill\u00e9 avec ma bin\u00f4me \u00c9milie Gouby sur un projet de portraits. Le but \u00e9tait de montrer notre personnalit\u00e9 \u00e0 travers des photos de nous et d\u2019objets qui nous repr\u00e9sentent. Ce projet nous a demand\u00e9 de r\u00e9fl\u00e9chir \u00e0 qui nous sommes et \u00e0 ce que nous voulions transmettre. Ce n\u2019\u00e9tait pas toujours simple de varier les expressions et les attitudes, car il faut bien se conna\u00eetre pour \u00eatre naturelle devant l\u2019appareil photo. Nous avons aussi test\u00e9 diff\u00e9rents endroits, diff\u00e9rentes lumi\u00e8res et plusieurs cadrages pour am\u00e9liorer nos photos. Cette exp\u00e9rience m\u2019a vraiment donn\u00e9 envie de faire plus de photographie dans ma vie personnelle.\" \/>\n<meta property=\"og:url\" content=\"https:\/\/www.charlotte-cseke.fr\/index.php\/photographie\/\" \/>\n<meta property=\"og:site_name\" content=\"Portfolio Charlotte Cseke\" \/>\n<meta property=\"article:modified_time\" content=\"2025-05-07T07:10:24+00:00\" \/>\n<meta property=\"og:image\" content=\"http:\/\/www.charlotte-cseke.fr\/wp-content\/uploads\/2025\/04\/Capture-decran-2025-04-26-a-12.12.53.webp\" \/>\n<meta name=\"twitter:card\" content=\"summary_large_image\" \/>\n<meta name=\"twitter:label1\" content=\"Dur\u00e9e de lecture estim\u00e9e\" \/>\n\t<meta name=\"twitter:data1\" content=\"3 minutes\" \/>\n<script type=\"application\/ld+json\" class=\"yoast-schema-graph\">{\"@context\":\"https:\\\/\\\/schema.org\",\"@graph\":[{\"@type\":\"WebPage\",\"@id\":\"https:\\\/\\\/www.charlotte-cseke.fr\\\/index.php\\\/photographie\\\/\",\"url\":\"https:\\\/\\\/www.charlotte-cseke.fr\\\/index.php\\\/photographie\\\/\",\"name\":\"Photographie - Portfolio Charlotte Cseke\",\"isPartOf\":{\"@id\":\"https:\\\/\\\/www.charlotte-cseke.fr\\\/#website\"},\"primaryImageOfPage\":{\"@id\":\"https:\\\/\\\/www.charlotte-cseke.fr\\\/index.php\\\/photographie\\\/#primaryimage\"},\"image\":{\"@id\":\"https:\\\/\\\/www.charlotte-cseke.fr\\\/index.php\\\/photographie\\\/#primaryimage\"},\"thumbnailUrl\":\"http:\\\/\\\/www.charlotte-cseke.fr\\\/wp-content\\\/uploads\\\/2025\\\/04\\\/Capture-decran-2025-04-26-a-12.12.53.webp\",\"datePublished\":\"2025-04-25T13:04:50+00:00\",\"dateModified\":\"2025-05-07T07:10:24+00:00\",\"breadcrumb\":{\"@id\":\"https:\\\/\\\/www.charlotte-cseke.fr\\\/index.php\\\/photographie\\\/#breadcrumb\"},\"inLanguage\":\"fr-FR\",\"potentialAction\":[{\"@type\":\"ReadAction\",\"target\":[\"https:\\\/\\\/www.charlotte-cseke.fr\\\/index.php\\\/photographie\\\/\"]}]},{\"@type\":\"ImageObject\",\"inLanguage\":\"fr-FR\",\"@id\":\"https:\\\/\\\/www.charlotte-cseke.fr\\\/index.php\\\/photographie\\\/#primaryimage\",\"url\":\"http:\\\/\\\/www.charlotte-cseke.fr\\\/wp-content\\\/uploads\\\/2025\\\/04\\\/Capture-decran-2025-04-26-a-12.12.53.webp\",\"contentUrl\":\"http:\\\/\\\/www.charlotte-cseke.fr\\\/wp-content\\\/uploads\\\/2025\\\/04\\\/Capture-decran-2025-04-26-a-12.12.53.webp\"},{\"@type\":\"BreadcrumbList\",\"@id\":\"https:\\\/\\\/www.charlotte-cseke.fr\\\/index.php\\\/photographie\\\/#breadcrumb\",\"itemListElement\":[{\"@type\":\"ListItem\",\"position\":1,\"name\":\"Accueil\",\"item\":\"https:\\\/\\\/www.charlotte-cseke.fr\\\/\"},{\"@type\":\"ListItem\",\"position\":2,\"name\":\"Photographie\"}]},{\"@type\":\"WebSite\",\"@id\":\"https:\\\/\\\/www.charlotte-cseke.fr\\\/#website\",\"url\":\"https:\\\/\\\/www.charlotte-cseke.fr\\\/\",\"name\":\"Portfolio Charlotte Cseke\",\"description\":\"\",\"publisher\":{\"@id\":\"https:\\\/\\\/www.charlotte-cseke.fr\\\/#organization\"},\"potentialAction\":[{\"@type\":\"SearchAction\",\"target\":{\"@type\":\"EntryPoint\",\"urlTemplate\":\"https:\\\/\\\/www.charlotte-cseke.fr\\\/?s={search_term_string}\"},\"query-input\":{\"@type\":\"PropertyValueSpecification\",\"valueRequired\":true,\"valueName\":\"search_term_string\"}}],\"inLanguage\":\"fr-FR\"},{\"@type\":\"Organization\",\"@id\":\"https:\\\/\\\/www.charlotte-cseke.fr\\\/#organization\",\"name\":\"Charlotte Cseke Portfolio\",\"url\":\"https:\\\/\\\/www.charlotte-cseke.fr\\\/\",\"logo\":{\"@type\":\"ImageObject\",\"inLanguage\":\"fr-FR\",\"@id\":\"https:\\\/\\\/www.charlotte-cseke.fr\\\/#\\\/schema\\\/logo\\\/image\\\/\",\"url\":\"https:\\\/\\\/www.charlotte-cseke.fr\\\/wp-content\\\/uploads\\\/2024\\\/10\\\/CHARTE-GRAPHIQUE-Portfolio-1400-x-500-mm-1-1-scaled.png\",\"contentUrl\":\"https:\\\/\\\/www.charlotte-cseke.fr\\\/wp-content\\\/uploads\\\/2024\\\/10\\\/CHARTE-GRAPHIQUE-Portfolio-1400-x-500-mm-1-1-scaled.png\",\"width\":2560,\"height\":980,\"caption\":\"Charlotte Cseke Portfolio\"},\"image\":{\"@id\":\"https:\\\/\\\/www.charlotte-cseke.fr\\\/#\\\/schema\\\/logo\\\/image\\\/\"}}]}<\/script>\n<!-- \/ Yoast SEO plugin. -->","yoast_head_json":{"title":"Photographie - Portfolio Charlotte Cseke","robots":{"index":"index","follow":"follow","max-snippet":"max-snippet:-1","max-image-preview":"max-image-preview:large","max-video-preview":"max-video-preview:-1"},"canonical":"https:\/\/www.charlotte-cseke.fr\/index.php\/photographie\/","og_locale":"fr_FR","og_type":"article","og_title":"Photographie - Portfolio Charlotte Cseke","og_description":"PHOTOGRAPHIE Durant une semaine d\u00e9di\u00e9e \u00e0 la photographie, j&rsquo;ai travaill\u00e9 avec ma bin\u00f4me \u00c9milie Gouby sur un projet de portraits. Le but \u00e9tait de montrer notre personnalit\u00e9 \u00e0 travers des photos de nous et d\u2019objets qui nous repr\u00e9sentent. Ce projet nous a demand\u00e9 de r\u00e9fl\u00e9chir \u00e0 qui nous sommes et \u00e0 ce que nous voulions transmettre. Ce n\u2019\u00e9tait pas toujours simple de varier les expressions et les attitudes, car il faut bien se conna\u00eetre pour \u00eatre naturelle devant l\u2019appareil photo. Nous avons aussi test\u00e9 diff\u00e9rents endroits, diff\u00e9rentes lumi\u00e8res et plusieurs cadrages pour am\u00e9liorer nos photos. Cette exp\u00e9rience m\u2019a vraiment donn\u00e9 envie de faire plus de photographie dans ma vie personnelle.","og_url":"https:\/\/www.charlotte-cseke.fr\/index.php\/photographie\/","og_site_name":"Portfolio Charlotte Cseke","article_modified_time":"2025-05-07T07:10:24+00:00","og_image":[{"url":"http:\/\/www.charlotte-cseke.fr\/wp-content\/uploads\/2025\/04\/Capture-decran-2025-04-26-a-12.12.53.webp","type":"","width":"","height":""}],"twitter_card":"summary_large_image","twitter_misc":{"Dur\u00e9e de lecture estim\u00e9e":"3 minutes"},"schema":{"@context":"https:\/\/schema.org","@graph":[{"@type":"WebPage","@id":"https:\/\/www.charlotte-cseke.fr\/index.php\/photographie\/","url":"https:\/\/www.charlotte-cseke.fr\/index.php\/photographie\/","name":"Photographie - Portfolio Charlotte Cseke","isPartOf":{"@id":"https:\/\/www.charlotte-cseke.fr\/#website"},"primaryImageOfPage":{"@id":"https:\/\/www.charlotte-cseke.fr\/index.php\/photographie\/#primaryimage"},"image":{"@id":"https:\/\/www.charlotte-cseke.fr\/index.php\/photographie\/#primaryimage"},"thumbnailUrl":"http:\/\/www.charlotte-cseke.fr\/wp-content\/uploads\/2025\/04\/Capture-decran-2025-04-26-a-12.12.53.webp","datePublished":"2025-04-25T13:04:50+00:00","dateModified":"2025-05-07T07:10:24+00:00","breadcrumb":{"@id":"https:\/\/www.charlotte-cseke.fr\/index.php\/photographie\/#breadcrumb"},"inLanguage":"fr-FR","potentialAction":[{"@type":"ReadAction","target":["https:\/\/www.charlotte-cseke.fr\/index.php\/photographie\/"]}]},{"@type":"ImageObject","inLanguage":"fr-FR","@id":"https:\/\/www.charlotte-cseke.fr\/index.php\/photographie\/#primaryimage","url":"http:\/\/www.charlotte-cseke.fr\/wp-content\/uploads\/2025\/04\/Capture-decran-2025-04-26-a-12.12.53.webp","contentUrl":"http:\/\/www.charlotte-cseke.fr\/wp-content\/uploads\/2025\/04\/Capture-decran-2025-04-26-a-12.12.53.webp"},{"@type":"BreadcrumbList","@id":"https:\/\/www.charlotte-cseke.fr\/index.php\/photographie\/#breadcrumb","itemListElement":[{"@type":"ListItem","position":1,"name":"Accueil","item":"https:\/\/www.charlotte-cseke.fr\/"},{"@type":"ListItem","position":2,"name":"Photographie"}]},{"@type":"WebSite","@id":"https:\/\/www.charlotte-cseke.fr\/#website","url":"https:\/\/www.charlotte-cseke.fr\/","name":"Portfolio Charlotte Cseke","description":"","publisher":{"@id":"https:\/\/www.charlotte-cseke.fr\/#organization"},"potentialAction":[{"@type":"SearchAction","target":{"@type":"EntryPoint","urlTemplate":"https:\/\/www.charlotte-cseke.fr\/?s={search_term_string}"},"query-input":{"@type":"PropertyValueSpecification","valueRequired":true,"valueName":"search_term_string"}}],"inLanguage":"fr-FR"},{"@type":"Organization","@id":"https:\/\/www.charlotte-cseke.fr\/#organization","name":"Charlotte Cseke Portfolio","url":"https:\/\/www.charlotte-cseke.fr\/","logo":{"@type":"ImageObject","inLanguage":"fr-FR","@id":"https:\/\/www.charlotte-cseke.fr\/#\/schema\/logo\/image\/","url":"https:\/\/www.charlotte-cseke.fr\/wp-content\/uploads\/2024\/10\/CHARTE-GRAPHIQUE-Portfolio-1400-x-500-mm-1-1-scaled.png","contentUrl":"https:\/\/www.charlotte-cseke.fr\/wp-content\/uploads\/2024\/10\/CHARTE-GRAPHIQUE-Portfolio-1400-x-500-mm-1-1-scaled.png","width":2560,"height":980,"caption":"Charlotte Cseke Portfolio"},"image":{"@id":"https:\/\/www.charlotte-cseke.fr\/#\/schema\/logo\/image\/"}}]}},"_links":{"self":[{"href":"https:\/\/www.charlotte-cseke.fr\/index.php\/wp-json\/wp\/v2\/pages\/1807","targetHints":{"allow":["GET"]}}],"collection":[{"href":"https:\/\/www.charlotte-cseke.fr\/index.php\/wp-json\/wp\/v2\/pages"}],"about":[{"href":"https:\/\/www.charlotte-cseke.fr\/index.php\/wp-json\/wp\/v2\/types\/page"}],"author":[{"embeddable":true,"href":"https:\/\/www.charlotte-cseke.fr\/index.php\/wp-json\/wp\/v2\/users\/1"}],"replies":[{"embeddable":true,"href":"https:\/\/www.charlotte-cseke.fr\/index.php\/wp-json\/wp\/v2\/comments?post=1807"}],"version-history":[{"count":37,"href":"https:\/\/www.charlotte-cseke.fr\/index.php\/wp-json\/wp\/v2\/pages\/1807\/revisions"}],"predecessor-version":[{"id":2127,"href":"https:\/\/www.charlotte-cseke.fr\/index.php\/wp-json\/wp\/v2\/pages\/1807\/revisions\/2127"}],"wp:attachment":[{"href":"https:\/\/www.charlotte-cseke.fr\/index.php\/wp-json\/wp\/v2\/media?parent=1807"}],"curies":[{"name":"wp","href":"https:\/\/api.w.org\/{rel}","templated":true}]}}